{"id":42,"date":"2018-05-18T23:29:20","date_gmt":"2018-05-18T23:29:20","guid":{"rendered":"http:\/\/softventure.pt\/wordpress\/?page_id=42"},"modified":"2019-07-16T16:06:45","modified_gmt":"2019-07-16T16:06:45","slug":"recrutamento","status":"publish","type":"page","link":"https:\/\/softventure.pt\/pt-pt\/recrutamento\/","title":{"rendered":"Recrutamento"},"content":{"rendered":"\n<p>Procuramos colaboradores com<\/p>\n<ul>\n<li>Capacidade de adapta\u00e7\u00e3o e facilidade de aprendizagem<\/li>\n<li>Compet\u00eancias anal\u00edticas e de resolu\u00e7\u00e3o de problemas<\/li>\n<li>Dinamismo e proactividade.<\/li>\n<\/ul>\u00a0\n<p>Oferecemos:<\/p>\n<ul>\n<li>Integra\u00e7\u00e3o em equipa s\u00f3lida<\/li> \n<li>Evolu\u00e7\u00e3o salarial de acordo com as compet\u00eancias reveladas<\/li>\n<li>Perspectivas de carreira <\/li>\n<li>Participa\u00e7\u00e3o em projectos desafiantes <\/li>\n<li>Forma\u00e7\u00e3o Continua<\/li>\n<\/ul>\n<p>Envia tua candidatura espont\u00e2nea<\/p>\n<div class=\"clearfix\"><a href=\"#popmake-1032\" class=\"popmake-candidaturaespontanea btn btn-primary\">Enviar Candidatura<\/a><\/div>\n<\/br>\n<p>Ou candidata-te uma das vagas dispon\u00edveis<\/p>\n<\/br>\n<div id=\"generic_recruitment_table\">\n<section>\n<div class=\"container\"><!--BLOCK ROW START--><p><\/p><p><\/p><p><\/p>\n<div class=\"row\">\n<div class=\"col-md-4\"><!--RECRUITMENT CONTENT START-->\n<div class=\"generic_content active clearfix\"><!--HEAD RECRUITMENT DETAIL START-->\n<div class=\"generic_head_recruitment clearfix\"><!--HEAD CONTENT START-->\n<div class=\"generic_head_content clearfix\"><!--HEAD START-->\n<div class=\"head_bg\">\u00a0<\/div>\n<div class=\"head\">Rec\u00e9m-licenciados<\/div>\n<!--\/\/HEAD END--><\/div>\n<!--\/\/HEAD CONTENT END--><\/div>\n<!--\/\/HEAD RECRUITMENT DETAIL END--> <!--FEATURE LIST START-->\n<div class=\"generic_feature_list\">\n<\/div>\n<!--\/\/FEATURE LIST END--> <!--BUTTON START-->\n<div class=\"clearfix\"><a href=\"#popmake-1036\" class=\" popmake-candidaturarecemlicenciados btn btn-primary\">Candidatar<\/a><\/div>\n<!--\/\/BUTTON END--><\/div>\n<!--\/\/RECRUITMENT CONTENT END--><\/div>\n<div class=\"col-md-4\"><!--RECRUITMENT CONTENT START-->\n<div class=\"generic_content active clearfix\"><!--HEAD RECRUITMENT DETAIL START-->\n<div class=\"generic_head_recruitment clearfix\"><!--HEAD CONTENT START-->\n<div class=\"generic_head_content clearfix\"><!--HEAD START-->\n<div class=\"head_bg\">\u00a0<\/div>\n<div class=\"head\">J\u00fanior .NET<\/div>\n<!--\/\/HEAD END--><\/div>\n<!--\/\/HEAD CONTENT END--><\/div>\n<!--\/\/HEAD RECRUITMENT DETAIL END--> <!--FEATURE LIST START-->\n<div class=\"generic_feature_list\">\n\n<\/div>\n<!--\/\/FEATURE LIST END--> <!--BUTTON START-->\n<div class=\"clearfix\"><a href=\"#popmake-1041\" class=\"popmake-candidaturajuniornet btn btn-primary\">Candidatar<\/a><\/div>\n<!--\/\/BUTTON END--><\/div>\n<!--\/\/RECRUITMENT CONTENT END--><\/div>\n<div class=\"col-md-4\"><!--RECRUITMENT CONTENT START-->\n<div class=\"generic_content active clearfix\"><!--HEAD RECRUITMENT DETAIL START-->\n<div class=\"generic_head_recruitment clearfix\"><!--HEAD CONTENT START-->\n<div class=\"generic_head_content clearfix\"><!--HEAD START-->\n<div class=\"head_bg\">\u00a0<\/div>\n<div class=\"head\">S\u00e9nior .Net<\/div>\n<!--\/\/HEAD END--><\/div>\n<!--\/\/HEAD CONTENT END--><\/div>\n<!--\/\/HEAD RECRUITMENT DETAIL END--> <!--FEATURE LIST START-->\n<div class=\"generic_feature_list\">\n\n<\/div>\n<!--\/\/FEATURE LIST END--> <!--BUTTON START-->\n<div class=\"clearfix\"><a href=\"#popmake-1045\" class=\"popmake-candidaturaseniornet btn btn-primary\">Candidatar<\/a><\/div>\n<!--\/\/BUTTON END--><\/div>\n<!--\/\/RECRUITMENT CONTENT END--><\/div>\n<\/div>\n<!--\/\/BLOCK ROW END-->\n<div class=\"row\">\n<div class=\"col-md-4\"><!--RECRUITMENT CONTENT START-->\n<div class=\"generic_content active clearfix\"><!--HEAD RECRUITMENT DETAIL START-->\n<div class=\"generic_head_recruitment clearfix\"><!--HEAD CONTENT START-->\n<div class=\"generic_head_content clearfix\"><!--HEAD START-->\n<div class=\"head_bg\">\u00a0<\/div>\n<div class=\"head\">Fullstack .NET<\/div>\n<!--\/\/HEAD END--><\/div>\n<!--\/\/HEAD CONTENT END--><\/div>\n<!--\/\/HEAD RECRUITMENT DETAIL END--> <!--FEATURE LIST START-->\n<div class=\"generic_feature_list\">\n\n<\/div>\n<!--\/\/FEATURE LIST END--> <!--BUTTON START-->\n<div class=\"clearfix\"><a href=\"#popmake-1049\" class=\"popmake-candidaturafullstacknet btn btn-primary\">Candidatar<\/a><\/div>\n<!--\/\/BUTTON END--><\/div>\n<!--\/\/RECRUITMENT CONTENT END--><\/div>\n<div class=\"col-md-4\"><!--RECRUITMENT CONTENT START-->\n<div class=\"generic_content active clearfix\"><!--HEAD RECRUITMENT DETAIL START-->\n<div class=\"generic_head_recruitment clearfix\"><!--HEAD CONTENT START-->\n<div class=\"generic_head_content clearfix\"><!--HEAD START-->\n<div class=\"head_bg\">\u00a0<\/div>\n<div class=\"head\">Especialista Sharepoint<\/div>\n<!--\/\/HEAD END--><\/div>\n<!--\/\/HEAD CONTENT END--><\/div>\n<!--\/\/HEAD RECRUITMENT DETAIL END--> <!--FEATURE LIST START-->\n<div class=\"generic_feature_list\">\n\n<\/div>\n<!--\/\/FEATURE LIST END--> <!--BUTTON START-->\n<div class=\"clearfix\"><a href=\"#popmake-1051\" class=\"popmake-candidaturaespecialistasharepoint btn btn-primary\">Candidatar<\/a><\/div>\n<!--\/\/BUTTON END--><\/div>\n<!--\/\/RECRUITMENT CONTENT END--><\/div>\n<\/div>\n<\/div>\n<\/section>\n<\/div>\n","protected":false},"excerpt":{"rendered":"<p>Procuramos colaboradores com Capacidade de adapta\u00e7\u00e3o e facilidade de aprendizagem Compet\u00eancias anal\u00edticas e de resolu\u00e7\u00e3o de problemas Dinamismo e proactividade. \u00a0 Oferecemos: Integra\u00e7\u00e3o em equipa s\u00f3lida Evolu\u00e7\u00e3o salarial de acordo com as compet\u00eancias reveladas Perspectivas de carreira Participa\u00e7\u00e3o em projectos desafiantes Forma\u00e7\u00e3o Continua Envia tua candidatura espont\u00e2nea Enviar Candidatura Ou candidata-te uma das vagas dispon\u00edveis \u00a0 Rec\u00e9m-licenciados Candidatar \u00a0 J\u00fanior .NET Candidatar \u00a0 S\u00e9nior .Net Candidatar \u00a0 Fullstack .NET Candidatar&hellip;<\/p>\n","protected":false},"author":1,"featured_media":0,"parent":0,"menu_order":0,"comment_status":"closed","ping_status":"closed","template":"","meta":[],"yoast_head":"<!-- This site is optimized with the Yoast SEO plugin v19.10 - https:\/\/yoast.com\/wordpress\/plugins\/seo\/ -->\n<title>Recrutamento | Softventure<\/title>\n<meta name=\"robots\" content=\"index, follow, max-snippet:-1, max-image-preview:large, max-video-preview:-1\" \/>\n<link rel=\"canonical\" href=\"https:\/\/softventure.pt\/pt-pt\/recrutamento\/\" \/>\n<meta property=\"og:locale\" content=\"pt_PT\" \/>\n<meta property=\"og:type\" content=\"article\" \/>\n<meta property=\"og:title\" content=\"Recrutamento | Softventure\" \/>\n<meta property=\"og:description\" content=\"Procuramos colaboradores com Capacidade de adapta\u00e7\u00e3o e facilidade de aprendizagem Compet\u00eancias anal\u00edticas e de resolu\u00e7\u00e3o de problemas Dinamismo e proactividade. \u00a0 Oferecemos: Integra\u00e7\u00e3o em equipa s\u00f3lida Evolu\u00e7\u00e3o salarial de acordo com as compet\u00eancias reveladas Perspectivas de carreira Participa\u00e7\u00e3o em projectos desafiantes Forma\u00e7\u00e3o Continua Envia tua candidatura espont\u00e2nea Enviar Candidatura Ou candidata-te uma das vagas dispon\u00edveis \u00a0 Rec\u00e9m-licenciados Candidatar \u00a0 J\u00fanior .NET Candidatar \u00a0 S\u00e9nior .Net Candidatar \u00a0 Fullstack .NET Candidatar&hellip;\" \/>\n<meta property=\"og:url\" content=\"https:\/\/softventure.pt\/pt-pt\/recrutamento\/\" \/>\n<meta property=\"og:site_name\" content=\"Softventure\" \/>\n<meta property=\"article:publisher\" content=\"https:\/\/www.facebook.com\/softventuresa\/\" \/>\n<meta property=\"article:modified_time\" content=\"2019-07-16T16:06:45+00:00\" \/>\n<meta name=\"twitter:card\" content=\"summary_large_image\" \/>\n<script type=\"application\/ld+json\" class=\"yoast-schema-graph\">{\"@context\":\"https:\/\/schema.org\",\"@graph\":[{\"@type\":\"WebPage\",\"@id\":\"https:\/\/softventure.pt\/pt-pt\/recrutamento\/\",\"url\":\"https:\/\/softventure.pt\/pt-pt\/recrutamento\/\",\"name\":\"Recrutamento | Softventure\",\"isPartOf\":{\"@id\":\"https:\/\/softventure.pt\/es\/#website\"},\"datePublished\":\"2018-05-18T23:29:20+00:00\",\"dateModified\":\"2019-07-16T16:06:45+00:00\",\"breadcrumb\":{\"@id\":\"https:\/\/softventure.pt\/pt-pt\/recrutamento\/#breadcrumb\"},\"inLanguage\":\"pt-PT\",\"potentialAction\":[{\"@type\":\"ReadAction\",\"target\":[\"https:\/\/softventure.pt\/pt-pt\/recrutamento\/\"]}]},{\"@type\":\"BreadcrumbList\",\"@id\":\"https:\/\/softventure.pt\/pt-pt\/recrutamento\/#breadcrumb\",\"itemListElement\":[{\"@type\":\"ListItem\",\"position\":1,\"name\":\"In\u00edcio\",\"item\":\"https:\/\/softventure.pt\/pt-pt\/\"},{\"@type\":\"ListItem\",\"position\":2,\"name\":\"Recrutamento\"}]},{\"@type\":\"WebSite\",\"@id\":\"https:\/\/softventure.pt\/es\/#website\",\"url\":\"https:\/\/softventure.pt\/es\/\",\"name\":\"Softventure\",\"description\":\"\",\"publisher\":{\"@id\":\"https:\/\/softventure.pt\/es\/#organization\"},\"potentialAction\":[{\"@type\":\"SearchAction\",\"target\":{\"@type\":\"EntryPoint\",\"urlTemplate\":\"https:\/\/softventure.pt\/es\/?s={search_term_string}\"},\"query-input\":\"required name=search_term_string\"}],\"inLanguage\":\"pt-PT\"},{\"@type\":\"Organization\",\"@id\":\"https:\/\/softventure.pt\/es\/#organization\",\"name\":\"Softventure\",\"url\":\"https:\/\/softventure.pt\/es\/\",\"logo\":{\"@type\":\"ImageObject\",\"inLanguage\":\"pt-PT\",\"@id\":\"https:\/\/softventure.pt\/es\/#\/schema\/logo\/image\/\",\"url\":\"https:\/\/softventure.pt\/wordpress\/wp-content\/uploads\/2019\/10\/SV-duochrome-BlackWhite.png\",\"contentUrl\":\"https:\/\/softventure.pt\/wordpress\/wp-content\/uploads\/2019\/10\/SV-duochrome-BlackWhite.png\",\"width\":3508,\"height\":2480,\"caption\":\"Softventure\"},\"image\":{\"@id\":\"https:\/\/softventure.pt\/es\/#\/schema\/logo\/image\/\"},\"sameAs\":[\"https:\/\/www.facebook.com\/softventuresa\/\"]}]}<\/script>\n<!-- \/ Yoast SEO plugin. -->","yoast_head_json":{"title":"Recrutamento | Softventure","robots":{"index":"index","follow":"follow","max-snippet":"max-snippet:-1","max-image-preview":"max-image-preview:large","max-video-preview":"max-video-preview:-1"},"canonical":"https:\/\/softventure.pt\/pt-pt\/recrutamento\/","og_locale":"pt_PT","og_type":"article","og_title":"Recrutamento | Softventure","og_description":"Procuramos colaboradores com Capacidade de adapta\u00e7\u00e3o e facilidade de aprendizagem Compet\u00eancias anal\u00edticas e de resolu\u00e7\u00e3o de problemas Dinamismo e proactividade. \u00a0 Oferecemos: Integra\u00e7\u00e3o em equipa s\u00f3lida Evolu\u00e7\u00e3o salarial de acordo com as compet\u00eancias reveladas Perspectivas de carreira Participa\u00e7\u00e3o em projectos desafiantes Forma\u00e7\u00e3o Continua Envia tua candidatura espont\u00e2nea Enviar Candidatura Ou candidata-te uma das vagas dispon\u00edveis \u00a0 Rec\u00e9m-licenciados Candidatar \u00a0 J\u00fanior .NET Candidatar \u00a0 S\u00e9nior .Net Candidatar \u00a0 Fullstack .NET Candidatar&hellip;","og_url":"https:\/\/softventure.pt\/pt-pt\/recrutamento\/","og_site_name":"Softventure","article_publisher":"https:\/\/www.facebook.com\/softventuresa\/","article_modified_time":"2019-07-16T16:06:45+00:00","twitter_card":"summary_large_image","schema":{"@context":"https:\/\/schema.org","@graph":[{"@type":"WebPage","@id":"https:\/\/softventure.pt\/pt-pt\/recrutamento\/","url":"https:\/\/softventure.pt\/pt-pt\/recrutamento\/","name":"Recrutamento | Softventure","isPartOf":{"@id":"https:\/\/softventure.pt\/es\/#website"},"datePublished":"2018-05-18T23:29:20+00:00","dateModified":"2019-07-16T16:06:45+00:00","breadcrumb":{"@id":"https:\/\/softventure.pt\/pt-pt\/recrutamento\/#breadcrumb"},"inLanguage":"pt-PT","potentialAction":[{"@type":"ReadAction","target":["https:\/\/softventure.pt\/pt-pt\/recrutamento\/"]}]},{"@type":"BreadcrumbList","@id":"https:\/\/softventure.pt\/pt-pt\/recrutamento\/#breadcrumb","itemListElement":[{"@type":"ListItem","position":1,"name":"In\u00edcio","item":"https:\/\/softventure.pt\/pt-pt\/"},{"@type":"ListItem","position":2,"name":"Recrutamento"}]},{"@type":"WebSite","@id":"https:\/\/softventure.pt\/es\/#website","url":"https:\/\/softventure.pt\/es\/","name":"Softventure","description":"","publisher":{"@id":"https:\/\/softventure.pt\/es\/#organization"},"potentialAction":[{"@type":"SearchAction","target":{"@type":"EntryPoint","urlTemplate":"https:\/\/softventure.pt\/es\/?s={search_term_string}"},"query-input":"required name=search_term_string"}],"inLanguage":"pt-PT"},{"@type":"Organization","@id":"https:\/\/softventure.pt\/es\/#organization","name":"Softventure","url":"https:\/\/softventure.pt\/es\/","logo":{"@type":"ImageObject","inLanguage":"pt-PT","@id":"https:\/\/softventure.pt\/es\/#\/schema\/logo\/image\/","url":"https:\/\/softventure.pt\/wordpress\/wp-content\/uploads\/2019\/10\/SV-duochrome-BlackWhite.png","contentUrl":"https:\/\/softventure.pt\/wordpress\/wp-content\/uploads\/2019\/10\/SV-duochrome-BlackWhite.png","width":3508,"height":2480,"caption":"Softventure"},"image":{"@id":"https:\/\/softventure.pt\/es\/#\/schema\/logo\/image\/"},"sameAs":["https:\/\/www.facebook.com\/softventuresa\/"]}]}},"_links":{"self":[{"href":"https:\/\/softventure.pt\/pt-pt\/wp-json\/wp\/v2\/pages\/42"}],"collection":[{"href":"https:\/\/softventure.pt\/pt-pt\/wp-json\/wp\/v2\/pages"}],"about":[{"href":"https:\/\/softventure.pt\/pt-pt\/wp-json\/wp\/v2\/types\/page"}],"author":[{"embeddable":true,"href":"https:\/\/softventure.pt\/pt-pt\/wp-json\/wp\/v2\/users\/1"}],"replies":[{"embeddable":true,"href":"https:\/\/softventure.pt\/pt-pt\/wp-json\/wp\/v2\/comments?post=42"}],"version-history":[{"count":15,"href":"https:\/\/softventure.pt\/pt-pt\/wp-json\/wp\/v2\/pages\/42\/revisions"}],"predecessor-version":[{"id":1053,"href":"https:\/\/softventure.pt\/pt-pt\/wp-json\/wp\/v2\/pages\/42\/revisions\/1053"}],"wp:attachment":[{"href":"https:\/\/softventure.pt\/pt-pt\/wp-json\/wp\/v2\/media?parent=42"}],"curies":[{"name":"wp","href":"https:\/\/api.w.org\/{rel}","templated":true}]}}