{"id":3,"date":"2018-05-18T10:42:19","date_gmt":"2018-05-18T10:42:19","guid":{"rendered":"http:\/\/softventure.pt\/wordpress\/?page_id=2"},"modified":"2019-07-23T16:18:54","modified_gmt":"2019-07-23T16:18:54","slug":"servicos","status":"publish","type":"page","link":"https:\/\/softventure.pt\/pt-pt\/servicos\/","title":{"rendered":"Servi\u00e7os"},"content":{"rendered":"\t\t<div data-elementor-type=\"wp-post\" data-elementor-id=\"3\" class=\"elementor elementor-3\">\n\t\t\t\t\t\t<div class=\"elementor-inner\">\n\t\t\t\t<div class=\"elementor-section-wrap\">\n\t\t\t\t\t\t\t\t\t<section class=\"elementor-section elementor-top-section elementor-element elementor-element-70128647 elementor-section-boxed elementor-section-height-default elementor-section-height-default\" data-id=\"70128647\" data-element_type=\"section\">\n\t\t\t\t\t\t<div class=\"elementor-container elementor-column-gap-default\">\n\t\t\t\t\t\t\t<div class=\"elementor-row\">\n\t\t\t\t\t<div class=\"elementor-column elementor-col-100 elementor-top-column elementor-element elementor-element-396edc2f\" data-id=\"396edc2f\" data-element_type=\"column\">\n\t\t\t<div class=\"elementor-column-wrap elementor-element-populated\">\n\t\t\t\t\t\t\t<div class=\"elementor-widget-wrap\">\n\t\t\t\t\t\t<div class=\"elementor-element elementor-element-752ea5b6 elementor-widget elementor-widget-text-editor\" data-id=\"752ea5b6\" data-element_type=\"widget\" data-widget_type=\"text-editor.default\">\n\t\t\t\t<div class=\"elementor-widget-container\">\n\t\t\t\t\t\t\t\t<div class=\"elementor-text-editor elementor-clearfix\">\n\t\t\t\t<div>\n<p>A Softventure tem como miss\u00e3o a concep\u00e7\u00e3o e implementa\u00e7\u00e3o de solu\u00e7\u00f5es inform\u00e1ticas orientadas para <strong>as necessidades dos clientes<\/strong>.<\/p>\n<p>Apostamos em <strong>m\u00e9todos mais eficientes, mais simples e com maior agilidad<\/strong>e e, assim, podemos reduzir os custos.<\/p>\n<p>Asseguramos um trabalho de <strong>Qualidade e Experiente<\/strong>.<\/p>\n<p>Cada profissional da Softventure est\u00e1 em <strong>forma\u00e7\u00e3o cont\u00ednua<\/strong>. Mais de 75 por cento dos nossos colaboradores t\u00eam, pelo menos, uma certifica\u00e7\u00e3o na sua \u00e1rea no \u00faltimo ano.<\/p>\n<p>A experi\u00eancia m\u00e9dia dos nossos recursos humanos \u00e9 de 10 anos, o que garante <strong>menor erro<\/strong> e maior <strong>rapidez na resolu\u00e7\u00e3o de problemas<\/strong><\/p>\n<p>\u00a0<\/p>\n<p>Fornecemos servi\u00e7os especializados nas \u00e1reas de:<\/p>\n<p>\u00a0<\/p>\n<ul>\n<li>Desenvolvimento de Aplica\u00e7\u00f5es<\/li>\n<li>Gest\u00e3o de Aplica\u00e7\u00f5es<\/li>\n<li>Garantia de Qualidade<\/li>\n<li>Integra\u00e7\u00e3o de Aplica\u00e7\u00f5es<\/li>\n<li>Gest\u00e3o de Processos de Neg\u00f3cio<\/li>\n<li>Reporting e Business Intelligence<\/li>\n<\/ul>\n<p>\u00a0<\/p>\n<p>Somos especialistas em acessibilidade web. Tr\u00eas dos 10 sites da administra\u00e7\u00e3o p\u00fablica melhor cotados para a infoinclus\u00e3o e adaptados a cidad\u00e3os com necessidades diferenciadas foram desenvolvidos pela Softventure.<\/p>\n<p>Em suma:<\/p>\n<p><strong>Confian\u00e7a, Experi\u00eancia, Saber e Seguran\u00e7a<\/strong> no trabalho desenvolvido garantem ao cliente da Softventure um compromisso profissional j\u00e1 testado no mercado.<\/p>\n<\/div>\n<!-- \/wp:paragraph -->\t\t\t\t\t<\/div>\n\t\t\t\t\t\t<\/div>\n\t\t\t\t<\/div>\n\t\t\t\t\t\t<\/div>\n\t\t\t\t\t<\/div>\n\t\t<\/div>\n\t\t\t\t\t\t\t\t<\/div>\n\t\t\t\t\t<\/div>\n\t\t<\/section>\n\t\t\t\t\t\t\t\t\t<\/div>\n\t\t\t<\/div>\n\t\t\t\t\t<\/div>\n\t\t","protected":false},"excerpt":{"rendered":"<p>A Softventure tem como miss\u00e3o a concep\u00e7\u00e3o e implementa\u00e7\u00e3o de solu\u00e7\u00f5es inform\u00e1ticas orientadas para as necessidades dos clientes. Apostamos em m\u00e9todos mais eficientes, mais simples e com maior agilidade e, assim, podemos reduzir os custos. Asseguramos um trabalho de Qualidade e Experiente. Cada profissional da Softventure est\u00e1 em forma\u00e7\u00e3o cont\u00ednua. Mais de 75 por cento dos nossos colaboradores t\u00eam, pelo menos, uma certifica\u00e7\u00e3o na sua \u00e1rea no \u00faltimo ano. A&hellip;<\/p>\n","protected":false},"author":1,"featured_media":0,"parent":0,"menu_order":0,"comment_status":"closed","ping_status":"closed","template":"","meta":[],"yoast_head":"<!-- This site is optimized with the Yoast SEO plugin v19.10 - https:\/\/yoast.com\/wordpress\/plugins\/seo\/ -->\n<title>Servi\u00e7os | Softventure<\/title>\n<meta name=\"robots\" content=\"index, follow, max-snippet:-1, max-image-preview:large, max-video-preview:-1\" \/>\n<link rel=\"canonical\" href=\"https:\/\/softventure.pt\/pt-pt\/servicos\/\" \/>\n<meta property=\"og:locale\" content=\"pt_PT\" \/>\n<meta property=\"og:type\" content=\"article\" \/>\n<meta property=\"og:title\" content=\"Servi\u00e7os | Softventure\" \/>\n<meta property=\"og:description\" content=\"A Softventure tem como miss\u00e3o a concep\u00e7\u00e3o e implementa\u00e7\u00e3o de solu\u00e7\u00f5es inform\u00e1ticas orientadas para as necessidades dos clientes. Apostamos em m\u00e9todos mais eficientes, mais simples e com maior agilidade e, assim, podemos reduzir os custos. Asseguramos um trabalho de Qualidade e Experiente. Cada profissional da Softventure est\u00e1 em forma\u00e7\u00e3o cont\u00ednua. Mais de 75 por cento dos nossos colaboradores t\u00eam, pelo menos, uma certifica\u00e7\u00e3o na sua \u00e1rea no \u00faltimo ano. A&hellip;\" \/>\n<meta property=\"og:url\" content=\"https:\/\/softventure.pt\/pt-pt\/servicos\/\" \/>\n<meta property=\"og:site_name\" content=\"Softventure\" \/>\n<meta property=\"article:publisher\" content=\"https:\/\/www.facebook.com\/softventuresa\/\" \/>\n<meta property=\"article:modified_time\" content=\"2019-07-23T16:18:54+00:00\" \/>\n<meta name=\"twitter:card\" content=\"summary_large_image\" \/>\n<meta name=\"twitter:label1\" content=\"Tempo estimado de leitura\" \/>\n\t<meta name=\"twitter:data1\" content=\"1 minuto\" \/>\n<script type=\"application\/ld+json\" class=\"yoast-schema-graph\">{\"@context\":\"https:\/\/schema.org\",\"@graph\":[{\"@type\":\"WebPage\",\"@id\":\"https:\/\/softventure.pt\/pt-pt\/servicos\/\",\"url\":\"https:\/\/softventure.pt\/pt-pt\/servicos\/\",\"name\":\"Servi\u00e7os | Softventure\",\"isPartOf\":{\"@id\":\"https:\/\/softventure.pt\/es\/#website\"},\"datePublished\":\"2018-05-18T10:42:19+00:00\",\"dateModified\":\"2019-07-23T16:18:54+00:00\",\"breadcrumb\":{\"@id\":\"https:\/\/softventure.pt\/pt-pt\/servicos\/#breadcrumb\"},\"inLanguage\":\"pt-PT\",\"potentialAction\":[{\"@type\":\"ReadAction\",\"target\":[\"https:\/\/softventure.pt\/pt-pt\/servicos\/\"]}]},{\"@type\":\"BreadcrumbList\",\"@id\":\"https:\/\/softventure.pt\/pt-pt\/servicos\/#breadcrumb\",\"itemListElement\":[{\"@type\":\"ListItem\",\"position\":1,\"name\":\"In\u00edcio\",\"item\":\"https:\/\/softventure.pt\/pt-pt\/\"},{\"@type\":\"ListItem\",\"position\":2,\"name\":\"Servi\u00e7os\"}]},{\"@type\":\"WebSite\",\"@id\":\"https:\/\/softventure.pt\/es\/#website\",\"url\":\"https:\/\/softventure.pt\/es\/\",\"name\":\"Softventure\",\"description\":\"\",\"publisher\":{\"@id\":\"https:\/\/softventure.pt\/es\/#organization\"},\"potentialAction\":[{\"@type\":\"SearchAction\",\"target\":{\"@type\":\"EntryPoint\",\"urlTemplate\":\"https:\/\/softventure.pt\/es\/?s={search_term_string}\"},\"query-input\":\"required name=search_term_string\"}],\"inLanguage\":\"pt-PT\"},{\"@type\":\"Organization\",\"@id\":\"https:\/\/softventure.pt\/es\/#organization\",\"name\":\"Softventure\",\"url\":\"https:\/\/softventure.pt\/es\/\",\"logo\":{\"@type\":\"ImageObject\",\"inLanguage\":\"pt-PT\",\"@id\":\"https:\/\/softventure.pt\/es\/#\/schema\/logo\/image\/\",\"url\":\"https:\/\/softventure.pt\/wordpress\/wp-content\/uploads\/2019\/10\/SV-duochrome-BlackWhite.png\",\"contentUrl\":\"https:\/\/softventure.pt\/wordpress\/wp-content\/uploads\/2019\/10\/SV-duochrome-BlackWhite.png\",\"width\":3508,\"height\":2480,\"caption\":\"Softventure\"},\"image\":{\"@id\":\"https:\/\/softventure.pt\/es\/#\/schema\/logo\/image\/\"},\"sameAs\":[\"https:\/\/www.facebook.com\/softventuresa\/\"]}]}<\/script>\n<!-- \/ Yoast SEO plugin. -->","yoast_head_json":{"title":"Servi\u00e7os | Softventure","robots":{"index":"index","follow":"follow","max-snippet":"max-snippet:-1","max-image-preview":"max-image-preview:large","max-video-preview":"max-video-preview:-1"},"canonical":"https:\/\/softventure.pt\/pt-pt\/servicos\/","og_locale":"pt_PT","og_type":"article","og_title":"Servi\u00e7os | Softventure","og_description":"A Softventure tem como miss\u00e3o a concep\u00e7\u00e3o e implementa\u00e7\u00e3o de solu\u00e7\u00f5es inform\u00e1ticas orientadas para as necessidades dos clientes. Apostamos em m\u00e9todos mais eficientes, mais simples e com maior agilidade e, assim, podemos reduzir os custos. Asseguramos um trabalho de Qualidade e Experiente. Cada profissional da Softventure est\u00e1 em forma\u00e7\u00e3o cont\u00ednua. Mais de 75 por cento dos nossos colaboradores t\u00eam, pelo menos, uma certifica\u00e7\u00e3o na sua \u00e1rea no \u00faltimo ano. A&hellip;","og_url":"https:\/\/softventure.pt\/pt-pt\/servicos\/","og_site_name":"Softventure","article_publisher":"https:\/\/www.facebook.com\/softventuresa\/","article_modified_time":"2019-07-23T16:18:54+00:00","twitter_card":"summary_large_image","twitter_misc":{"Tempo estimado de leitura":"1 minuto"},"schema":{"@context":"https:\/\/schema.org","@graph":[{"@type":"WebPage","@id":"https:\/\/softventure.pt\/pt-pt\/servicos\/","url":"https:\/\/softventure.pt\/pt-pt\/servicos\/","name":"Servi\u00e7os | Softventure","isPartOf":{"@id":"https:\/\/softventure.pt\/es\/#website"},"datePublished":"2018-05-18T10:42:19+00:00","dateModified":"2019-07-23T16:18:54+00:00","breadcrumb":{"@id":"https:\/\/softventure.pt\/pt-pt\/servicos\/#breadcrumb"},"inLanguage":"pt-PT","potentialAction":[{"@type":"ReadAction","target":["https:\/\/softventure.pt\/pt-pt\/servicos\/"]}]},{"@type":"BreadcrumbList","@id":"https:\/\/softventure.pt\/pt-pt\/servicos\/#breadcrumb","itemListElement":[{"@type":"ListItem","position":1,"name":"In\u00edcio","item":"https:\/\/softventure.pt\/pt-pt\/"},{"@type":"ListItem","position":2,"name":"Servi\u00e7os"}]},{"@type":"WebSite","@id":"https:\/\/softventure.pt\/es\/#website","url":"https:\/\/softventure.pt\/es\/","name":"Softventure","description":"","publisher":{"@id":"https:\/\/softventure.pt\/es\/#organization"},"potentialAction":[{"@type":"SearchAction","target":{"@type":"EntryPoint","urlTemplate":"https:\/\/softventure.pt\/es\/?s={search_term_string}"},"query-input":"required name=search_term_string"}],"inLanguage":"pt-PT"},{"@type":"Organization","@id":"https:\/\/softventure.pt\/es\/#organization","name":"Softventure","url":"https:\/\/softventure.pt\/es\/","logo":{"@type":"ImageObject","inLanguage":"pt-PT","@id":"https:\/\/softventure.pt\/es\/#\/schema\/logo\/image\/","url":"https:\/\/softventure.pt\/wordpress\/wp-content\/uploads\/2019\/10\/SV-duochrome-BlackWhite.png","contentUrl":"https:\/\/softventure.pt\/wordpress\/wp-content\/uploads\/2019\/10\/SV-duochrome-BlackWhite.png","width":3508,"height":2480,"caption":"Softventure"},"image":{"@id":"https:\/\/softventure.pt\/es\/#\/schema\/logo\/image\/"},"sameAs":["https:\/\/www.facebook.com\/softventuresa\/"]}]}},"_links":{"self":[{"href":"https:\/\/softventure.pt\/pt-pt\/wp-json\/wp\/v2\/pages\/3"}],"collection":[{"href":"https:\/\/softventure.pt\/pt-pt\/wp-json\/wp\/v2\/pages"}],"about":[{"href":"https:\/\/softventure.pt\/pt-pt\/wp-json\/wp\/v2\/types\/page"}],"author":[{"embeddable":true,"href":"https:\/\/softventure.pt\/pt-pt\/wp-json\/wp\/v2\/users\/1"}],"replies":[{"embeddable":true,"href":"https:\/\/softventure.pt\/pt-pt\/wp-json\/wp\/v2\/comments?post=3"}],"version-history":[{"count":5,"href":"https:\/\/softventure.pt\/pt-pt\/wp-json\/wp\/v2\/pages\/3\/revisions"}],"predecessor-version":[{"id":1100,"href":"https:\/\/softventure.pt\/pt-pt\/wp-json\/wp\/v2\/pages\/3\/revisions\/1100"}],"wp:attachment":[{"href":"https:\/\/softventure.pt\/pt-pt\/wp-json\/wp\/v2\/media?parent=3"}],"curies":[{"name":"wp","href":"https:\/\/api.w.org\/{rel}","templated":true}]}}