{"id":1558,"date":"2020-11-24T15:52:01","date_gmt":"2020-11-24T15:52:01","guid":{"rendered":"http:\/\/softventure.pt\/?page_id=1558"},"modified":"2020-11-24T15:52:01","modified_gmt":"2020-11-24T15:52:01","slug":"plano-de-contingencia-covid","status":"publish","type":"page","link":"https:\/\/softventure.pt\/pt-pt\/plano-de-contingencia-covid\/","title":{"rendered":"Plano de conting\u00eancia covid"},"content":{"rendered":"<p>Decorrente das suas certifica\u00e7\u00f5es, a Softventure constituiu um Plano de Continuidade de Neg\u00f3cio, com vista a garantir a normalidade dos servi\u00e7os prestados durante per\u00edodos com limita\u00e7\u00f5es especiais. <\/p>\n<p>A Softventure definiu em tempo \u00fatil um Plano de Conting\u00eancia (PC) apontado \u00e0s necessidades para responder ao cen\u00e1rio de pandemia por Sars-Cov-2. Este Plano complementa o que j\u00e1 existe e decalca as orienta\u00e7\u00f5es da Organiza\u00e7\u00e3o Mundial de Sa\u00fade, do Governo portugu\u00eas, suas leis e decretos e, ainda, todas as portarias e circulares dedicadas da Dire\u00e7\u00e3o Geral da Sa\u00fade. <\/p>\n<p>Este Plano abrange os colaboradores da Softventure, quer laborem nas instala\u00e7\u00f5es da Softventure ou nas do Cliente. Est\u00e3o tamb\u00e9m previstas no PC as boas pr\u00e1ticas a ter com outros prestadores de servi\u00e7o, nas instala\u00e7\u00f5es da Softventure, tendo estas j\u00e1 sido comunicadas a todos os intervenientes.<br \/>\nDe forma a minimizar o resultado negativo da atual situa\u00e7\u00e3o &#8211; e apoiar as medidas de conten\u00e7\u00e3o do v\u00edrus &#8211; a Softventure definiu: <\/p>\n<p>Aumento de frequ\u00eancia dos procedimentos de Higieniza\u00e7\u00e3o, com produtos pr\u00f3prios; <\/p>\n<p>Cancelamento de todas as desloca\u00e7\u00f5es que n\u00e3o sejam indispens\u00e1veis, quer internacionais, quer nacionais;<\/p>\n<p>Aumento de utiliza\u00e7\u00e3o de ferramentas inform\u00e1ticas colaborativas, como a (videoconfer\u00eancia, a plataforma Microsoft Teams, a partilha de dados, a partilha de sistemas de informa\u00e7\u00e3o para as necessidades de teletrabalho, etc.;<\/p>\n<p>Imp\u00f5e-se, segundo a DGS, uma quarentena preventiva de 14 dias aos colaboradores em situa\u00e7\u00f5es de contacto com pessoas infetadas e padecendo de Covid-19. Mais se obriga a dar disto conhecimento ao SNS24; <\/p>\n<p>Cria\u00e7\u00e3o de condi\u00e7\u00f5es para teletrabalho alargado a todos os colaboradores. Tomada de medidas que possam manter o trabalho remoto prolongado no tempo, exceto em \u00e1reas de log\u00edstica de hardware, garantindo assim a continuidade das opera\u00e7\u00f5es e presta\u00e7\u00e3o de servi\u00e7os aos Clientes <\/p>\n<p>Caso os colaboradores da Softventure estejam dedicados a um Cliente e realizem o seu trabalho na localiza\u00e7\u00e3o deste, ser\u00e3o coordenadas as a\u00e7\u00f5es adequadas entre o Gestor de Servi\u00e7o da Softventure e o Cliente.<\/p>\n<p>Se for o caso, a Softventure solicita ao cliente que comunique o Plano de Conting\u00eancia e as medidas que envolvam os colaboradores da empresa. <\/p>\n<p>A Softventure acompanha em perman\u00eancia, atrav\u00e9s dos canais de informa\u00e7\u00e3o, em especial os sites da DGS, https:\/\/covid19.min-saude.pt\/ e o https:\/\/www.lusa.pt\/covid19, todos os desenvolvimentos sobre a pandemia. Adapta as suas pol\u00edticas do PC \u00e0s altera\u00e7\u00f5es legais ou cient\u00edficas, bem como adota as melhores normas a seguir, para prote\u00e7\u00e3o dos seus colaboradores, clientes, fornecedores e popula\u00e7\u00e3o em geral.<\/p>\n<p>Se precisar de algum esclarecimento adicional sobre este tema, contacte-nos atrav\u00e9s do email geral.lx@softventure.pt<\/p>\n","protected":false},"excerpt":{"rendered":"<p>Decorrente das suas certifica\u00e7\u00f5es, a Softventure constituiu um Plano de Continuidade de Neg\u00f3cio, com vista a garantir a normalidade dos servi\u00e7os prestados durante per\u00edodos com limita\u00e7\u00f5es especiais. A Softventure definiu em tempo \u00fatil um Plano de Conting\u00eancia (PC) apontado \u00e0s necessidades para responder ao cen\u00e1rio de pandemia por Sars-Cov-2. Este Plano complementa o que j\u00e1 existe e decalca as orienta\u00e7\u00f5es da Organiza\u00e7\u00e3o Mundial de Sa\u00fade, do Governo portugu\u00eas, suas leis&hellip;<\/p>\n","protected":false},"author":1,"featured_media":0,"parent":0,"menu_order":0,"comment_status":"closed","ping_status":"closed","template":"","meta":[],"yoast_head":"<!-- This site is optimized with the Yoast SEO plugin v19.10 - https:\/\/yoast.com\/wordpress\/plugins\/seo\/ -->\n<title>Plano de conting\u00eancia covid | Softventure<\/title>\n<meta name=\"robots\" content=\"index, follow, max-snippet:-1, max-image-preview:large, max-video-preview:-1\" \/>\n<link rel=\"canonical\" href=\"https:\/\/softventure.pt\/pt-pt\/plano-de-contingencia-covid\/\" \/>\n<meta property=\"og:locale\" content=\"pt_PT\" \/>\n<meta property=\"og:type\" content=\"article\" \/>\n<meta property=\"og:title\" content=\"Plano de conting\u00eancia covid | Softventure\" \/>\n<meta property=\"og:description\" content=\"Decorrente das suas certifica\u00e7\u00f5es, a Softventure constituiu um Plano de Continuidade de Neg\u00f3cio, com vista a garantir a normalidade dos servi\u00e7os prestados durante per\u00edodos com limita\u00e7\u00f5es especiais. A Softventure definiu em tempo \u00fatil um Plano de Conting\u00eancia (PC) apontado \u00e0s necessidades para responder ao cen\u00e1rio de pandemia por Sars-Cov-2. Este Plano complementa o que j\u00e1 existe e decalca as orienta\u00e7\u00f5es da Organiza\u00e7\u00e3o Mundial de Sa\u00fade, do Governo portugu\u00eas, suas leis&hellip;\" \/>\n<meta property=\"og:url\" content=\"https:\/\/softventure.pt\/pt-pt\/plano-de-contingencia-covid\/\" \/>\n<meta property=\"og:site_name\" content=\"Softventure\" \/>\n<meta property=\"article:publisher\" content=\"https:\/\/www.facebook.com\/softventuresa\/\" \/>\n<meta name=\"twitter:card\" content=\"summary_large_image\" \/>\n<meta name=\"twitter:label1\" content=\"Tempo estimado de leitura\" \/>\n\t<meta name=\"twitter:data1\" content=\"2 minutos\" \/>\n<script type=\"application\/ld+json\" class=\"yoast-schema-graph\">{\"@context\":\"https:\/\/schema.org\",\"@graph\":[{\"@type\":\"WebPage\",\"@id\":\"https:\/\/softventure.pt\/pt-pt\/plano-de-contingencia-covid\/\",\"url\":\"https:\/\/softventure.pt\/pt-pt\/plano-de-contingencia-covid\/\",\"name\":\"Plano de conting\u00eancia covid | Softventure\",\"isPartOf\":{\"@id\":\"https:\/\/softventure.pt\/es\/#website\"},\"datePublished\":\"2020-11-24T15:52:01+00:00\",\"dateModified\":\"2020-11-24T15:52:01+00:00\",\"breadcrumb\":{\"@id\":\"https:\/\/softventure.pt\/pt-pt\/plano-de-contingencia-covid\/#breadcrumb\"},\"inLanguage\":\"pt-PT\",\"potentialAction\":[{\"@type\":\"ReadAction\",\"target\":[\"https:\/\/softventure.pt\/pt-pt\/plano-de-contingencia-covid\/\"]}]},{\"@type\":\"BreadcrumbList\",\"@id\":\"https:\/\/softventure.pt\/pt-pt\/plano-de-contingencia-covid\/#breadcrumb\",\"itemListElement\":[{\"@type\":\"ListItem\",\"position\":1,\"name\":\"In\u00edcio\",\"item\":\"https:\/\/softventure.pt\/pt-pt\/\"},{\"@type\":\"ListItem\",\"position\":2,\"name\":\"Plano de conting\u00eancia covid\"}]},{\"@type\":\"WebSite\",\"@id\":\"https:\/\/softventure.pt\/es\/#website\",\"url\":\"https:\/\/softventure.pt\/es\/\",\"name\":\"Softventure\",\"description\":\"\",\"publisher\":{\"@id\":\"https:\/\/softventure.pt\/es\/#organization\"},\"potentialAction\":[{\"@type\":\"SearchAction\",\"target\":{\"@type\":\"EntryPoint\",\"urlTemplate\":\"https:\/\/softventure.pt\/es\/?s={search_term_string}\"},\"query-input\":\"required name=search_term_string\"}],\"inLanguage\":\"pt-PT\"},{\"@type\":\"Organization\",\"@id\":\"https:\/\/softventure.pt\/es\/#organization\",\"name\":\"Softventure\",\"url\":\"https:\/\/softventure.pt\/es\/\",\"logo\":{\"@type\":\"ImageObject\",\"inLanguage\":\"pt-PT\",\"@id\":\"https:\/\/softventure.pt\/es\/#\/schema\/logo\/image\/\",\"url\":\"https:\/\/softventure.pt\/wordpress\/wp-content\/uploads\/2019\/10\/SV-duochrome-BlackWhite.png\",\"contentUrl\":\"https:\/\/softventure.pt\/wordpress\/wp-content\/uploads\/2019\/10\/SV-duochrome-BlackWhite.png\",\"width\":3508,\"height\":2480,\"caption\":\"Softventure\"},\"image\":{\"@id\":\"https:\/\/softventure.pt\/es\/#\/schema\/logo\/image\/\"},\"sameAs\":[\"https:\/\/www.facebook.com\/softventuresa\/\"]}]}<\/script>\n<!-- \/ Yoast SEO plugin. -->","yoast_head_json":{"title":"Plano de conting\u00eancia covid | Softventure","robots":{"index":"index","follow":"follow","max-snippet":"max-snippet:-1","max-image-preview":"max-image-preview:large","max-video-preview":"max-video-preview:-1"},"canonical":"https:\/\/softventure.pt\/pt-pt\/plano-de-contingencia-covid\/","og_locale":"pt_PT","og_type":"article","og_title":"Plano de conting\u00eancia covid | Softventure","og_description":"Decorrente das suas certifica\u00e7\u00f5es, a Softventure constituiu um Plano de Continuidade de Neg\u00f3cio, com vista a garantir a normalidade dos servi\u00e7os prestados durante per\u00edodos com limita\u00e7\u00f5es especiais. A Softventure definiu em tempo \u00fatil um Plano de Conting\u00eancia (PC) apontado \u00e0s necessidades para responder ao cen\u00e1rio de pandemia por Sars-Cov-2. Este Plano complementa o que j\u00e1 existe e decalca as orienta\u00e7\u00f5es da Organiza\u00e7\u00e3o Mundial de Sa\u00fade, do Governo portugu\u00eas, suas leis&hellip;","og_url":"https:\/\/softventure.pt\/pt-pt\/plano-de-contingencia-covid\/","og_site_name":"Softventure","article_publisher":"https:\/\/www.facebook.com\/softventuresa\/","twitter_card":"summary_large_image","twitter_misc":{"Tempo estimado de leitura":"2 minutos"},"schema":{"@context":"https:\/\/schema.org","@graph":[{"@type":"WebPage","@id":"https:\/\/softventure.pt\/pt-pt\/plano-de-contingencia-covid\/","url":"https:\/\/softventure.pt\/pt-pt\/plano-de-contingencia-covid\/","name":"Plano de conting\u00eancia covid | Softventure","isPartOf":{"@id":"https:\/\/softventure.pt\/es\/#website"},"datePublished":"2020-11-24T15:52:01+00:00","dateModified":"2020-11-24T15:52:01+00:00","breadcrumb":{"@id":"https:\/\/softventure.pt\/pt-pt\/plano-de-contingencia-covid\/#breadcrumb"},"inLanguage":"pt-PT","potentialAction":[{"@type":"ReadAction","target":["https:\/\/softventure.pt\/pt-pt\/plano-de-contingencia-covid\/"]}]},{"@type":"BreadcrumbList","@id":"https:\/\/softventure.pt\/pt-pt\/plano-de-contingencia-covid\/#breadcrumb","itemListElement":[{"@type":"ListItem","position":1,"name":"In\u00edcio","item":"https:\/\/softventure.pt\/pt-pt\/"},{"@type":"ListItem","position":2,"name":"Plano de conting\u00eancia covid"}]},{"@type":"WebSite","@id":"https:\/\/softventure.pt\/es\/#website","url":"https:\/\/softventure.pt\/es\/","name":"Softventure","description":"","publisher":{"@id":"https:\/\/softventure.pt\/es\/#organization"},"potentialAction":[{"@type":"SearchAction","target":{"@type":"EntryPoint","urlTemplate":"https:\/\/softventure.pt\/es\/?s={search_term_string}"},"query-input":"required name=search_term_string"}],"inLanguage":"pt-PT"},{"@type":"Organization","@id":"https:\/\/softventure.pt\/es\/#organization","name":"Softventure","url":"https:\/\/softventure.pt\/es\/","logo":{"@type":"ImageObject","inLanguage":"pt-PT","@id":"https:\/\/softventure.pt\/es\/#\/schema\/logo\/image\/","url":"https:\/\/softventure.pt\/wordpress\/wp-content\/uploads\/2019\/10\/SV-duochrome-BlackWhite.png","contentUrl":"https:\/\/softventure.pt\/wordpress\/wp-content\/uploads\/2019\/10\/SV-duochrome-BlackWhite.png","width":3508,"height":2480,"caption":"Softventure"},"image":{"@id":"https:\/\/softventure.pt\/es\/#\/schema\/logo\/image\/"},"sameAs":["https:\/\/www.facebook.com\/softventuresa\/"]}]}},"_links":{"self":[{"href":"https:\/\/softventure.pt\/pt-pt\/wp-json\/wp\/v2\/pages\/1558"}],"collection":[{"href":"https:\/\/softventure.pt\/pt-pt\/wp-json\/wp\/v2\/pages"}],"about":[{"href":"https:\/\/softventure.pt\/pt-pt\/wp-json\/wp\/v2\/types\/page"}],"author":[{"embeddable":true,"href":"https:\/\/softventure.pt\/pt-pt\/wp-json\/wp\/v2\/users\/1"}],"replies":[{"embeddable":true,"href":"https:\/\/softventure.pt\/pt-pt\/wp-json\/wp\/v2\/comments?post=1558"}],"version-history":[{"count":2,"href":"https:\/\/softventure.pt\/pt-pt\/wp-json\/wp\/v2\/pages\/1558\/revisions"}],"predecessor-version":[{"id":1560,"href":"https:\/\/softventure.pt\/pt-pt\/wp-json\/wp\/v2\/pages\/1558\/revisions\/1560"}],"wp:attachment":[{"href":"https:\/\/softventure.pt\/pt-pt\/wp-json\/wp\/v2\/media?parent=1558"}],"curies":[{"name":"wp","href":"https:\/\/api.w.org\/{rel}","templated":true}]}}