{"id":133,"date":"2018-07-17T18:35:10","date_gmt":"2018-07-17T18:35:10","guid":{"rendered":"http:\/\/softventure.pt\/wordpress\/?page_id=133"},"modified":"2019-05-27T11:51:41","modified_gmt":"2019-05-27T11:51:41","slug":"apps","status":"publish","type":"page","link":"https:\/\/softventure.pt\/pt-pt\/apps\/","title":{"rendered":"Apps"},"content":{"rendered":"<p>A Softventure \u00e9 l\u00edder em inova\u00e7\u00e3o e programa\u00e7\u00e3o de aplica\u00e7\u00f5es m\u00f3veis multiplataforma, com solu\u00e7\u00f5es testadas para Android, iOs e Windows Phone. Com anos de experi\u00eancia, o seu trabalho \u00e9 reconhecido pelos milhares de utilizadores que, todos os dias, usam as aplica\u00e7\u00f5es de uma empresa cem por cento nacional. Uma equipa experiente e criativa elabora e executa a sua aplica\u00e7\u00e3o para que os seus clientes possam estar em contacto consigo, permanentemente. O seu neg\u00f3cio n\u00e3o p\u00e1ra, nem as aplica\u00e7\u00f5es que a Softventures tem para lhe oferecer. Marque j\u00e1 o seu contacto e ponha a sua empresa no bolso do seu cliente.<\/p>\n","protected":false},"excerpt":{"rendered":"<p>A Softventure \u00e9 l\u00edder em inova\u00e7\u00e3o e programa\u00e7\u00e3o de aplica\u00e7\u00f5es m\u00f3veis multiplataforma, com solu\u00e7\u00f5es testadas para Android, iOs e Windows Phone. Com anos de experi\u00eancia, o seu trabalho \u00e9 reconhecido pelos milhares de utilizadores que, todos os dias, usam as aplica\u00e7\u00f5es de uma empresa cem por cento nacional. Uma equipa experiente e criativa elabora e executa a sua aplica\u00e7\u00e3o para que os seus clientes possam estar em contacto consigo, permanentemente.&hellip;<\/p>\n","protected":false},"author":1,"featured_media":0,"parent":0,"menu_order":0,"comment_status":"closed","ping_status":"closed","template":"","meta":[],"yoast_head":"<!-- This site is optimized with the Yoast SEO plugin v19.10 - https:\/\/yoast.com\/wordpress\/plugins\/seo\/ -->\n<title>Apps | Softventure<\/title>\n<meta name=\"robots\" content=\"index, follow, max-snippet:-1, max-image-preview:large, max-video-preview:-1\" \/>\n<link rel=\"canonical\" href=\"https:\/\/softventure.pt\/pt-pt\/apps\/\" \/>\n<meta property=\"og:locale\" content=\"pt_PT\" \/>\n<meta property=\"og:type\" content=\"article\" \/>\n<meta property=\"og:title\" content=\"Apps | Softventure\" \/>\n<meta property=\"og:description\" content=\"A Softventure \u00e9 l\u00edder em inova\u00e7\u00e3o e programa\u00e7\u00e3o de aplica\u00e7\u00f5es m\u00f3veis multiplataforma, com solu\u00e7\u00f5es testadas para Android, iOs e Windows Phone. Com anos de experi\u00eancia, o seu trabalho \u00e9 reconhecido pelos milhares de utilizadores que, todos os dias, usam as aplica\u00e7\u00f5es de uma empresa cem por cento nacional. Uma equipa experiente e criativa elabora e executa a sua aplica\u00e7\u00e3o para que os seus clientes possam estar em contacto consigo, permanentemente.&hellip;\" \/>\n<meta property=\"og:url\" content=\"https:\/\/softventure.pt\/pt-pt\/apps\/\" \/>\n<meta property=\"og:site_name\" content=\"Softventure\" \/>\n<meta property=\"article:publisher\" content=\"https:\/\/www.facebook.com\/softventuresa\/\" \/>\n<meta property=\"article:modified_time\" content=\"2019-05-27T11:51:41+00:00\" \/>\n<meta name=\"twitter:card\" content=\"summary_large_image\" \/>\n<meta name=\"twitter:label1\" content=\"Tempo estimado de leitura\" \/>\n\t<meta name=\"twitter:data1\" content=\"1 minuto\" \/>\n<script type=\"application\/ld+json\" class=\"yoast-schema-graph\">{\"@context\":\"https:\/\/schema.org\",\"@graph\":[{\"@type\":\"WebPage\",\"@id\":\"https:\/\/softventure.pt\/pt-pt\/apps\/\",\"url\":\"https:\/\/softventure.pt\/pt-pt\/apps\/\",\"name\":\"Apps | Softventure\",\"isPartOf\":{\"@id\":\"https:\/\/softventure.pt\/es\/#website\"},\"datePublished\":\"2018-07-17T18:35:10+00:00\",\"dateModified\":\"2019-05-27T11:51:41+00:00\",\"breadcrumb\":{\"@id\":\"https:\/\/softventure.pt\/pt-pt\/apps\/#breadcrumb\"},\"inLanguage\":\"pt-PT\",\"potentialAction\":[{\"@type\":\"ReadAction\",\"target\":[\"https:\/\/softventure.pt\/pt-pt\/apps\/\"]}]},{\"@type\":\"BreadcrumbList\",\"@id\":\"https:\/\/softventure.pt\/pt-pt\/apps\/#breadcrumb\",\"itemListElement\":[{\"@type\":\"ListItem\",\"position\":1,\"name\":\"In\u00edcio\",\"item\":\"https:\/\/softventure.pt\/pt-pt\/\"},{\"@type\":\"ListItem\",\"position\":2,\"name\":\"Apps\"}]},{\"@type\":\"WebSite\",\"@id\":\"https:\/\/softventure.pt\/es\/#website\",\"url\":\"https:\/\/softventure.pt\/es\/\",\"name\":\"Softventure\",\"description\":\"\",\"publisher\":{\"@id\":\"https:\/\/softventure.pt\/es\/#organization\"},\"potentialAction\":[{\"@type\":\"SearchAction\",\"target\":{\"@type\":\"EntryPoint\",\"urlTemplate\":\"https:\/\/softventure.pt\/es\/?s={search_term_string}\"},\"query-input\":\"required name=search_term_string\"}],\"inLanguage\":\"pt-PT\"},{\"@type\":\"Organization\",\"@id\":\"https:\/\/softventure.pt\/es\/#organization\",\"name\":\"Softventure\",\"url\":\"https:\/\/softventure.pt\/es\/\",\"logo\":{\"@type\":\"ImageObject\",\"inLanguage\":\"pt-PT\",\"@id\":\"https:\/\/softventure.pt\/es\/#\/schema\/logo\/image\/\",\"url\":\"https:\/\/softventure.pt\/wordpress\/wp-content\/uploads\/2019\/10\/SV-duochrome-BlackWhite.png\",\"contentUrl\":\"https:\/\/softventure.pt\/wordpress\/wp-content\/uploads\/2019\/10\/SV-duochrome-BlackWhite.png\",\"width\":3508,\"height\":2480,\"caption\":\"Softventure\"},\"image\":{\"@id\":\"https:\/\/softventure.pt\/es\/#\/schema\/logo\/image\/\"},\"sameAs\":[\"https:\/\/www.facebook.com\/softventuresa\/\"]}]}<\/script>\n<!-- \/ Yoast SEO plugin. -->","yoast_head_json":{"title":"Apps | Softventure","robots":{"index":"index","follow":"follow","max-snippet":"max-snippet:-1","max-image-preview":"max-image-preview:large","max-video-preview":"max-video-preview:-1"},"canonical":"https:\/\/softventure.pt\/pt-pt\/apps\/","og_locale":"pt_PT","og_type":"article","og_title":"Apps | Softventure","og_description":"A Softventure \u00e9 l\u00edder em inova\u00e7\u00e3o e programa\u00e7\u00e3o de aplica\u00e7\u00f5es m\u00f3veis multiplataforma, com solu\u00e7\u00f5es testadas para Android, iOs e Windows Phone. Com anos de experi\u00eancia, o seu trabalho \u00e9 reconhecido pelos milhares de utilizadores que, todos os dias, usam as aplica\u00e7\u00f5es de uma empresa cem por cento nacional. Uma equipa experiente e criativa elabora e executa a sua aplica\u00e7\u00e3o para que os seus clientes possam estar em contacto consigo, permanentemente.&hellip;","og_url":"https:\/\/softventure.pt\/pt-pt\/apps\/","og_site_name":"Softventure","article_publisher":"https:\/\/www.facebook.com\/softventuresa\/","article_modified_time":"2019-05-27T11:51:41+00:00","twitter_card":"summary_large_image","twitter_misc":{"Tempo estimado de leitura":"1 minuto"},"schema":{"@context":"https:\/\/schema.org","@graph":[{"@type":"WebPage","@id":"https:\/\/softventure.pt\/pt-pt\/apps\/","url":"https:\/\/softventure.pt\/pt-pt\/apps\/","name":"Apps | Softventure","isPartOf":{"@id":"https:\/\/softventure.pt\/es\/#website"},"datePublished":"2018-07-17T18:35:10+00:00","dateModified":"2019-05-27T11:51:41+00:00","breadcrumb":{"@id":"https:\/\/softventure.pt\/pt-pt\/apps\/#breadcrumb"},"inLanguage":"pt-PT","potentialAction":[{"@type":"ReadAction","target":["https:\/\/softventure.pt\/pt-pt\/apps\/"]}]},{"@type":"BreadcrumbList","@id":"https:\/\/softventure.pt\/pt-pt\/apps\/#breadcrumb","itemListElement":[{"@type":"ListItem","position":1,"name":"In\u00edcio","item":"https:\/\/softventure.pt\/pt-pt\/"},{"@type":"ListItem","position":2,"name":"Apps"}]},{"@type":"WebSite","@id":"https:\/\/softventure.pt\/es\/#website","url":"https:\/\/softventure.pt\/es\/","name":"Softventure","description":"","publisher":{"@id":"https:\/\/softventure.pt\/es\/#organization"},"potentialAction":[{"@type":"SearchAction","target":{"@type":"EntryPoint","urlTemplate":"https:\/\/softventure.pt\/es\/?s={search_term_string}"},"query-input":"required name=search_term_string"}],"inLanguage":"pt-PT"},{"@type":"Organization","@id":"https:\/\/softventure.pt\/es\/#organization","name":"Softventure","url":"https:\/\/softventure.pt\/es\/","logo":{"@type":"ImageObject","inLanguage":"pt-PT","@id":"https:\/\/softventure.pt\/es\/#\/schema\/logo\/image\/","url":"https:\/\/softventure.pt\/wordpress\/wp-content\/uploads\/2019\/10\/SV-duochrome-BlackWhite.png","contentUrl":"https:\/\/softventure.pt\/wordpress\/wp-content\/uploads\/2019\/10\/SV-duochrome-BlackWhite.png","width":3508,"height":2480,"caption":"Softventure"},"image":{"@id":"https:\/\/softventure.pt\/es\/#\/schema\/logo\/image\/"},"sameAs":["https:\/\/www.facebook.com\/softventuresa\/"]}]}},"_links":{"self":[{"href":"https:\/\/softventure.pt\/pt-pt\/wp-json\/wp\/v2\/pages\/133"}],"collection":[{"href":"https:\/\/softventure.pt\/pt-pt\/wp-json\/wp\/v2\/pages"}],"about":[{"href":"https:\/\/softventure.pt\/pt-pt\/wp-json\/wp\/v2\/types\/page"}],"author":[{"embeddable":true,"href":"https:\/\/softventure.pt\/pt-pt\/wp-json\/wp\/v2\/users\/1"}],"replies":[{"embeddable":true,"href":"https:\/\/softventure.pt\/pt-pt\/wp-json\/wp\/v2\/comments?post=133"}],"version-history":[{"count":2,"href":"https:\/\/softventure.pt\/pt-pt\/wp-json\/wp\/v2\/pages\/133\/revisions"}],"predecessor-version":[{"id":142,"href":"https:\/\/softventure.pt\/pt-pt\/wp-json\/wp\/v2\/pages\/133\/revisions\/142"}],"wp:attachment":[{"href":"https:\/\/softventure.pt\/pt-pt\/wp-json\/wp\/v2\/media?parent=133"}],"curies":[{"name":"wp","href":"https:\/\/api.w.org\/{rel}","templated":true}]}}