{"id":1309,"date":"2019-12-16T10:30:07","date_gmt":"2019-12-16T10:30:07","guid":{"rendered":"http:\/\/softventure.pt\/?page_id=1309"},"modified":"2019-12-17T10:56:06","modified_gmt":"2019-12-17T10:56:06","slug":"politica-de-privacidade","status":"publish","type":"page","link":"https:\/\/softventure.pt\/pt-pt\/politica-de-privacidade\/","title":{"rendered":"Politica de privacidade"},"content":{"rendered":"<h1>Pol\u00edtica Geral de Seguran\u00e7a e Privacidade<\/h1>\n<p>A prote\u00e7\u00e3o da privacidade e dos dados pessoais \u00e9 um claro compromisso assumido por n\u00f3s e uma prioridade para a SOFTVENTURE.<\/p>\n<p>Esta pol\u00edtica diz respeito \u00e0s pr\u00e1ticas de privacidade no \u00e2mbito da regular atividade da SOFTVENTURE, onde se incluem os portais, <em>sites online<\/em> e demais servi\u00e7os geridos por esta empresa. Os dados pessoais fornecidos pela intera\u00e7\u00e3o com os nossos servi\u00e7os ser\u00e3o alvo de tratamento com todas as garantias de seguran\u00e7a e confidencialidade do enquadramento legal no que concerne \u00e0 prote\u00e7\u00e3o de dados pessoais.<\/p>\n<p>Os portais e <em>sites<\/em> sob tutela da SOFTVENTURE, entre os seus servi\u00e7os dispon\u00edveis, podem ter liga\u00e7\u00f5es para outros <em>sites<\/em> de entidades externas. A presente Pol\u00edtica de Privacidade da SOFTVENTURE destina-se em exclusivo aos <em>sites<\/em> e servi\u00e7os de responsabilidade pr\u00f3pria. Quando se acede a locais na<em> web<\/em> outras entidades, se a partir dos <em>sites<\/em> tutelados pela SOFTVENTURE, dever\u00e1 o utilizador inteirar-se das respetivas pol\u00edticas de privacidade.<\/p>\n<p>O acesso e uso dos servi\u00e7os, portais e <em>sites<\/em> da tutela da SOFTVENTURE devem ser livres por parte do utilizador. A SOFTVENTURE parte do princ\u00edpio que o utilizador leu, compreendeu e aceitou os Termos e Condi\u00e7\u00f5es da sua utiliza\u00e7\u00e3o.<\/p>\n<p>O utilizador obriga-se a cumprir a legisla\u00e7\u00e3o aplic\u00e1vel, principalmente em mat\u00e9ria de criminalidade inform\u00e1tica e de direitos de propriedade intelectual. Ser\u00e1 sempre da sua exclusiva responsabilidade a infra\u00e7\u00e3o destes normativos. Quaisquer tentativas de alterar a informa\u00e7\u00e3o, ou qualquer outra a\u00e7\u00e3o que possa causar dano e p\u00f4r em risco a integridade do sistema, s\u00e3o estritamente proibidas segundo o quadro legislativo em vigor.<\/p>\n<h1>Encarregado de Prote\u00e7\u00e3o de Dados<\/h1>\n<p>A SOFTVENTURE designou um Encarregado de Prote\u00e7\u00e3o de Dados que poder\u00e1 ser contactado atrav\u00e9s do endere\u00e7o eletr\u00f3nico <em>dpo@softventure.pt<\/em> ou por carta registada com aviso de rece\u00e7\u00e3o para Rua da Alf\u00e2ndega N.78, 5\u00baB, 9000-059 Funchal.<\/p>\n<h1>Privacidade<\/h1>\n<p>Os dados solicitados aos utilizadores nos <em>sites<\/em> tutelados pela SOFTVENTURE destinam-se exclusivamente \u00e0 presta\u00e7\u00e3o do servi\u00e7o por si solicitado, n\u00e3o sendo nunca recolhidos dados pessoais desnecess\u00e1rios necess\u00e1rios \u00e0 presta\u00e7\u00e3o do servi\u00e7o &#8211; ou, ainda, o seu consentimento do pr\u00f3prio. A SOFTVENTURE respeita em pleno e sob a luz legal o direito \u00e0 privacidade.<\/p>\n<p>A intera\u00e7\u00e3o com os servi\u00e7os, portais ou <em>sites<\/em> da SOFTVENTURE n\u00e3o requer qualquer informa\u00e7\u00e3o dos utilizadores, excepto para fins expressamente identificados em que o registo seja declarado necess\u00e1rio e seja ent\u00e3o autorizado pelo utilizador nos seguintes termos:<\/p>\n<h3>Respons\u00e1vel pelo Tratamento<\/h3>\n<p>A SOFTVENTURE enquanto respons\u00e1vel pelo tratamento de dados acomete-se a estes deveres:<\/p>\n<ul>\n<li>O tratamento de dados pessoais \u00e9 efetuado para as finalidades sob o mote para que foram recolhidos ou, ainda, para fins compat\u00edveis com aquelas;<\/li>\n<li>A SOFTVENTURE Recolhe, utiliza e conserva apenas e s\u00f3 dados pessoais essenciais para a finalidade ent\u00e3o identificada;<\/li>\n<li>N\u00e3o se procede \u00e0 transmiss\u00e3o de dados pessoais a terceiros, com intuitos comerciais ou de publicidade;<\/li>\n<li>Tratam-se os dados pessoais para finalidades legalmente previstas e\/ou para a execu\u00e7\u00e3o de servi\u00e7os requeridos.<\/li>\n<\/ul>\n<h2>Subcontratante<\/h2>\n<p>Enquanto subcontratante a SOFTVENTURE compromete-se ao tratamento de dados pessoais contratualizados com as entidades respons\u00e1veis pelo tratamento de dados e ao cumprimento dos acordos de privacidade.<\/p>\n<h2>Tipologia de Dados Pessoais recolhidos<\/h2>\n<p>Segundo os servi\u00e7os prestados pode a SOFTVENTURE recolher: o endere\u00e7o IP; o nome; a idade; o n\u00famero de identifica\u00e7\u00e3o fiscal; o n\u00famero de identifica\u00e7\u00e3o civil; o n\u00famero de seguran\u00e7a social; o n\u00famero de documento de identifica\u00e7\u00e3o; a morada; o endere\u00e7o eletr\u00f3nico; o n\u00famero de telem\u00f3vel; outros dados identificativos relevantes, sob informa\u00e7\u00e3o antecipada ao indiv\u00edduo ou empresa a quem se recolhe dados.<\/p>\n<p>Os dados pessoais sujeitos a tratamento por parte da SOFTVENTURE s\u00e3o de natureza diversa, atenta \u00e0 presta\u00e7\u00e3o de servi\u00e7os promovidos nas plataformas eletr\u00f3nicas e restantes servi\u00e7os sob sua gest\u00e3o.<\/p>\n<h1>Seguran\u00e7a de Dados Pessoais<\/h1>\n<p>A SOFTVENTURE utiliza um conjunto procedimentos de seguran\u00e7a adequados \u00e0 prote\u00e7\u00e3o dos dados pessoais, protegendo o acesso ou divulga\u00e7\u00e3o n\u00e3o autorizados, bem como um pacote de tecnologias adaptadas a este fim, nomeadamente:<\/p>\n<ul>\n<li>Medidas de seguran\u00e7a l\u00f3gica na componente de acessos a sistemas e postos de trabalho atrav\u00e9s de mecanismos de gest\u00e3o de identidades, autentica\u00e7\u00e3o e privil\u00e9gios;<\/li>\n<li>Na componente de rede o uso de firewalls e sistemas de dete\u00e7\u00e3o de intrus\u00e3o, segregando redes e ambientes aplicacionais, bem como cifragem de informa\u00e7\u00e3o atrav\u00e9s de canais de comunica\u00e7\u00e3o seguros.<\/li>\n<\/ul>\n<h3>\u00a0Acesso e controlo dos seus Dados Pessoais<\/h3>\n<p>A pedido, possibilitamos o acesso, a retifica\u00e7\u00e3o e o apagar de dados pessoais. Todas pessoas e entidades com dados recolhidos t\u00eam tamb\u00e9m o direito de se opor ao processamento dos seus dados pessoais.<\/p>\n<p>Caso a utiliza\u00e7\u00e3o dos dados pessoais tenha por base o consentimento efetivo, o utilizador em causa tem o direito de retirar seus dados, sem comprometer por\u00e9m a validade do tratamento de dados efetuado at\u00e9 esse momento.<\/p>\n<p>Assim, e atrav\u00e9s do encarregado de prote\u00e7\u00e3o de dados (<em>dpo@softventure.pt<\/em>) pode solicitar:<\/p>\n<ul>\n<li>Informa\u00e7\u00e3o acerca dos seus dados;<\/li>\n<li>Informa\u00e7\u00e3o acerca do processamento;<\/li>\n<li>A finalidade subjacente ao tratamento;<\/li>\n<li>A corre\u00e7\u00e3o, ou atualiza\u00e7\u00e3o, de dados;<\/li>\n<li>Os seus dados num formato aberto;<\/li>\n<li>O apagar dos dados, sem preju\u00edzo da legisla\u00e7\u00e3o aplic\u00e1vel ao tratamento em causa.<\/li>\n<\/ul>\n<h1>Arquivo de Dados Pessoais<\/h1>\n<p>Os dados pessoais s\u00e3o guardados pela SOFTVENTURE por um espa\u00e7o de tempo julgado necess\u00e1rio para o tratamento respectivo, de acordo com a finalidade a que se destinam.<\/p>\n<p>Estes per\u00edodos em que os dados s\u00e3o guardados alteram-se quando o interesse p\u00fablico associado, motivos hist\u00f3ricos, cient\u00edficos ou estat\u00edsticos o justifiquem. A SOFTVENTURE compromete-se a adotar as medidas de conserva\u00e7\u00e3o e seguran\u00e7a durante este referido per\u00edodo.<\/p>\n<h1>Cookies e Tecnologias Semelhantes<\/h1>\n<p>A SOFTVENTURE utiliza nos seus <em>sites<\/em> ferramentas estat\u00edsticas e de recolha como <em>cookies<\/em> e semelhantes. Estes possibilitam a melhoria do desempenho e da experi\u00eancia de navega\u00e7\u00e3o dos utilizadores. A finalidade destina-se a incrementar a rapidez e efici\u00eancia de resposta e, ainda, a eliminar a necessidade de repetidamente introduzir as mesmas informa\u00e7\u00f5es.<\/p>\n<p>O dep\u00f3sito de <em>cookies<\/em> ajuda os <em>sites<\/em> a reconhecer os dispositivos do usu\u00e1rio a cada visita\u00a0 e tornam-se, pelo h\u00e1bito e facilidade, imprescind\u00edveis para o funcionamento dos s\u00edtios de Internet.<\/p>\n<p>Estes <em>cookies<\/em> utilizados pela SOFTVENTURE guardam apenas informa\u00e7\u00f5es gen\u00e9ricas, designadamente a forma ou regi\u00e3o\/cidade de acesso, entre outros, e n\u00e3o recolhem informa\u00e7\u00f5es pessoais que levem \u00e0 identifica\u00e7\u00e3o dos utilizadores.<\/p>\n<p>Os cookies utilizados nos <em>sites<\/em> e portais da SOFTVENTURE s\u00e3o:<\/p>\n<ul>\n<li>Essenciais &#8211; que garantem acesso a \u00e1reas privadas, de forma a facilitar a realiza\u00e7\u00e3o de servi\u00e7os &#8212; designadamente: cookies de sess\u00e3o.<\/li>\n<li>Anal\u00edticos -Importantes na recolha de informa\u00e7\u00e3o para an\u00e1lise estat\u00edstica da navega\u00e7\u00e3o e utiliza\u00e7\u00e3o do <em>site<\/em> eletr\u00f3nico, atrav\u00e9s de ferramentas comuns fornecidas por terceiros, como a Google.<\/li>\n<li>Redes Sociais &#8211; que permitem a identifica\u00e7\u00e3o do usu\u00e1rio, a sua disponibilidade nos conte\u00fados e partilha respectiva em redes como:<\/li>\n<\/ul>\n<p>&#8211; Facebook;<\/p>\n<p>&#8211; Twitter.<\/p>\n<p>A informa\u00e7\u00e3o gerada pelos cookies pode ser enviada para terceiros para an\u00e1lise de tend\u00eancias, rastreio da navega\u00e7\u00e3o e desempenho dos mesmos. Este envio n\u00e3o permite identificar qualquer pessoa.<\/p>\n<h2>\u00a0Como controlar o uso de Cookies?<\/h2>\n<p>Os utilizadores podem impedir o uso de cookies nas configura\u00e7\u00f5es do navegador. Se limitar esta op\u00e7\u00e3o, no entanto, a utiliza\u00e7\u00e3o de alguns recursos ou o desempenho de determinadas ferramentas pode ficar condicionada.<\/p>\n<h1>Exonera\u00e7\u00e3o de Responsabilidade<\/h1>\n<p>A SOFTVENTURE exime-se de qualquer responsabilidade por preju\u00edzos ou danos, em sede de responsabilidade civil (incluindo, mas sem que a estes estejam limitados, danos emergentes, lucros cessantes e danos morais, causados direta ou indiretamente), que surjam em consequ\u00eancia da utiliza\u00e7\u00e3o, correta ou incorreta dos seus Servi\u00e7os, <em>sites<\/em> eletr\u00f3nicos e respetivos conte\u00fados, por parte do utilizador, incluindo o acesso indevido ao computador e sistema inform\u00e1tico do utilizador por terceiros.<\/p>\n<p>A informa\u00e7\u00e3o divulgada deve ser sempre encarada na sua vertente informativa.<\/p>\n<p>Nos servi\u00e7os, <em>sites<\/em> e portais geridos pela SOFTVENTURE existem conte\u00fados e servi\u00e7os disponibilizados por entidades terceiras, cabendo a atualiza\u00e7\u00e3o de conte\u00fados a essas entidades.\u00a0 Assim, a SOFTVENTURE n\u00e3o pode ser responsabilizada no que respeita \u00e0 completa exatid\u00e3o e atualidade de qualquer informa\u00e7\u00e3o constante dos seus <em>sites <\/em>e similares.<\/p>\n<p>Existe a possibilidade de os <em>sites<\/em> conterem liga\u00e7\u00f5es externas para sites terceiros sobre os quais a SOFTVENTURE se exime tamb\u00e9m de qualquer responsabilidade.<\/p>\n<p>A visualiza\u00e7\u00e3o de disposi\u00e7\u00f5es legais neste <em>site<\/em> n\u00e3o faz dispensa da consulta das normas legais em vigor, aprovadas oficialmente, publicadas nas edi\u00e7\u00f5es e suportes originais (nomeadamente o Di\u00e1rio da Rep\u00fablica ou o Jornal Oficial da Uni\u00e3o Europeia).<\/p>\n<h1>Altera\u00e7\u00e3o \u00e0 pol\u00edtica de seguran\u00e7a e privacidade<\/h1>\n<p>Os presentes Termos e Condi\u00e7\u00f5es, que dever\u00e3o ser lidos com total aten\u00e7\u00e3o e compreens\u00e3o, podem ser alterados, considerando-se que as altera\u00e7\u00f5es entram em vigor a partir da data da sua publica\u00e7\u00e3o neste <em>site<\/em>, fazendo-se sempre clara refer\u00eancia \u00e0 data de atualiza\u00e7\u00e3o.<\/p>\n<h1>Lei aplic\u00e1vel e foro competente<\/h1>\n<p>Os presentes Termos e Condi\u00e7\u00f5es s\u00e3o regidos e interpretados de acordo com a lei portuguesa. \u00c9 competente o tribunal da \u00e1rea de Lisboa, com exclus\u00e3o de qualquer outro, para dirimir quaisquer conflitos que resultem da interpreta\u00e7\u00e3o e aplica\u00e7\u00e3o dos presentes Termos e Condi\u00e7\u00f5es.<\/p>\n","protected":false},"excerpt":{"rendered":"<p>Pol\u00edtica Geral de Seguran\u00e7a e Privacidade A prote\u00e7\u00e3o da privacidade e dos dados pessoais \u00e9 um claro compromisso assumido por n\u00f3s e uma prioridade para a SOFTVENTURE. Esta pol\u00edtica diz respeito \u00e0s pr\u00e1ticas de privacidade no \u00e2mbito da regular atividade da SOFTVENTURE, onde se incluem os portais, sites online e demais servi\u00e7os geridos por esta empresa. Os dados pessoais fornecidos pela intera\u00e7\u00e3o com os nossos servi\u00e7os ser\u00e3o alvo de tratamento&hellip;<\/p>\n","protected":false},"author":4,"featured_media":0,"parent":0,"menu_order":0,"comment_status":"closed","ping_status":"closed","template":"","meta":[],"yoast_head":"<!-- This site is optimized with the Yoast SEO plugin v19.10 - https:\/\/yoast.com\/wordpress\/plugins\/seo\/ -->\n<title>Politica de privacidade | Softventure<\/title>\n<meta name=\"description\" content=\"A prote\u00e7\u00e3o da privacidade e dos dados pessoais \u00e9 um claro compromisso assumido por n\u00f3s e uma prioridade para a SOFTVENTURE.Politica de privacidade\" \/>\n<meta name=\"robots\" content=\"index, follow, max-snippet:-1, max-image-preview:large, max-video-preview:-1\" \/>\n<link rel=\"canonical\" href=\"https:\/\/softventure.pt\/pt-pt\/politica-de-privacidade\/\" \/>\n<meta property=\"og:locale\" content=\"pt_PT\" \/>\n<meta property=\"og:type\" content=\"article\" \/>\n<meta property=\"og:title\" content=\"Politica de privacidade | Softventure\" \/>\n<meta property=\"og:description\" content=\"A prote\u00e7\u00e3o da privacidade e dos dados pessoais \u00e9 um claro compromisso assumido por n\u00f3s e uma prioridade para a SOFTVENTURE.Politica de privacidade\" \/>\n<meta property=\"og:url\" content=\"https:\/\/softventure.pt\/pt-pt\/politica-de-privacidade\/\" \/>\n<meta property=\"og:site_name\" content=\"Softventure\" \/>\n<meta property=\"article:publisher\" content=\"https:\/\/www.facebook.com\/softventuresa\/\" \/>\n<meta property=\"article:modified_time\" content=\"2019-12-17T10:56:06+00:00\" \/>\n<meta name=\"twitter:card\" content=\"summary_large_image\" \/>\n<meta name=\"twitter:label1\" content=\"Tempo estimado de leitura\" \/>\n\t<meta name=\"twitter:data1\" content=\"8 minutos\" \/>\n<script type=\"application\/ld+json\" class=\"yoast-schema-graph\">{\"@context\":\"https:\/\/schema.org\",\"@graph\":[{\"@type\":\"WebPage\",\"@id\":\"https:\/\/softventure.pt\/pt-pt\/politica-de-privacidade\/\",\"url\":\"https:\/\/softventure.pt\/pt-pt\/politica-de-privacidade\/\",\"name\":\"Politica de privacidade | Softventure\",\"isPartOf\":{\"@id\":\"https:\/\/softventure.pt\/es\/#website\"},\"datePublished\":\"2019-12-16T10:30:07+00:00\",\"dateModified\":\"2019-12-17T10:56:06+00:00\",\"description\":\"A prote\u00e7\u00e3o da privacidade e dos dados pessoais \u00e9 um claro compromisso assumido por n\u00f3s e uma prioridade para a SOFTVENTURE.Politica de privacidade\",\"breadcrumb\":{\"@id\":\"https:\/\/softventure.pt\/pt-pt\/politica-de-privacidade\/#breadcrumb\"},\"inLanguage\":\"pt-PT\",\"potentialAction\":[{\"@type\":\"ReadAction\",\"target\":[\"https:\/\/softventure.pt\/pt-pt\/politica-de-privacidade\/\"]}]},{\"@type\":\"BreadcrumbList\",\"@id\":\"https:\/\/softventure.pt\/pt-pt\/politica-de-privacidade\/#breadcrumb\",\"itemListElement\":[{\"@type\":\"ListItem\",\"position\":1,\"name\":\"In\u00edcio\",\"item\":\"https:\/\/softventure.pt\/pt-pt\/\"},{\"@type\":\"ListItem\",\"position\":2,\"name\":\"Politica de privacidade\"}]},{\"@type\":\"WebSite\",\"@id\":\"https:\/\/softventure.pt\/es\/#website\",\"url\":\"https:\/\/softventure.pt\/es\/\",\"name\":\"Softventure\",\"description\":\"\",\"publisher\":{\"@id\":\"https:\/\/softventure.pt\/es\/#organization\"},\"potentialAction\":[{\"@type\":\"SearchAction\",\"target\":{\"@type\":\"EntryPoint\",\"urlTemplate\":\"https:\/\/softventure.pt\/es\/?s={search_term_string}\"},\"query-input\":\"required name=search_term_string\"}],\"inLanguage\":\"pt-PT\"},{\"@type\":\"Organization\",\"@id\":\"https:\/\/softventure.pt\/es\/#organization\",\"name\":\"Softventure\",\"url\":\"https:\/\/softventure.pt\/es\/\",\"logo\":{\"@type\":\"ImageObject\",\"inLanguage\":\"pt-PT\",\"@id\":\"https:\/\/softventure.pt\/es\/#\/schema\/logo\/image\/\",\"url\":\"https:\/\/softventure.pt\/wordpress\/wp-content\/uploads\/2019\/10\/SV-duochrome-BlackWhite.png\",\"contentUrl\":\"https:\/\/softventure.pt\/wordpress\/wp-content\/uploads\/2019\/10\/SV-duochrome-BlackWhite.png\",\"width\":3508,\"height\":2480,\"caption\":\"Softventure\"},\"image\":{\"@id\":\"https:\/\/softventure.pt\/es\/#\/schema\/logo\/image\/\"},\"sameAs\":[\"https:\/\/www.facebook.com\/softventuresa\/\"]}]}<\/script>\n<!-- \/ Yoast SEO plugin. -->","yoast_head_json":{"title":"Politica de privacidade | Softventure","description":"A prote\u00e7\u00e3o da privacidade e dos dados pessoais \u00e9 um claro compromisso assumido por n\u00f3s e uma prioridade para a SOFTVENTURE.Politica de privacidade","robots":{"index":"index","follow":"follow","max-snippet":"max-snippet:-1","max-image-preview":"max-image-preview:large","max-video-preview":"max-video-preview:-1"},"canonical":"https:\/\/softventure.pt\/pt-pt\/politica-de-privacidade\/","og_locale":"pt_PT","og_type":"article","og_title":"Politica de privacidade | Softventure","og_description":"A prote\u00e7\u00e3o da privacidade e dos dados pessoais \u00e9 um claro compromisso assumido por n\u00f3s e uma prioridade para a SOFTVENTURE.Politica de privacidade","og_url":"https:\/\/softventure.pt\/pt-pt\/politica-de-privacidade\/","og_site_name":"Softventure","article_publisher":"https:\/\/www.facebook.com\/softventuresa\/","article_modified_time":"2019-12-17T10:56:06+00:00","twitter_card":"summary_large_image","twitter_misc":{"Tempo estimado de leitura":"8 minutos"},"schema":{"@context":"https:\/\/schema.org","@graph":[{"@type":"WebPage","@id":"https:\/\/softventure.pt\/pt-pt\/politica-de-privacidade\/","url":"https:\/\/softventure.pt\/pt-pt\/politica-de-privacidade\/","name":"Politica de privacidade | Softventure","isPartOf":{"@id":"https:\/\/softventure.pt\/es\/#website"},"datePublished":"2019-12-16T10:30:07+00:00","dateModified":"2019-12-17T10:56:06+00:00","description":"A prote\u00e7\u00e3o da privacidade e dos dados pessoais \u00e9 um claro compromisso assumido por n\u00f3s e uma prioridade para a SOFTVENTURE.Politica de privacidade","breadcrumb":{"@id":"https:\/\/softventure.pt\/pt-pt\/politica-de-privacidade\/#breadcrumb"},"inLanguage":"pt-PT","potentialAction":[{"@type":"ReadAction","target":["https:\/\/softventure.pt\/pt-pt\/politica-de-privacidade\/"]}]},{"@type":"BreadcrumbList","@id":"https:\/\/softventure.pt\/pt-pt\/politica-de-privacidade\/#breadcrumb","itemListElement":[{"@type":"ListItem","position":1,"name":"In\u00edcio","item":"https:\/\/softventure.pt\/pt-pt\/"},{"@type":"ListItem","position":2,"name":"Politica de privacidade"}]},{"@type":"WebSite","@id":"https:\/\/softventure.pt\/es\/#website","url":"https:\/\/softventure.pt\/es\/","name":"Softventure","description":"","publisher":{"@id":"https:\/\/softventure.pt\/es\/#organization"},"potentialAction":[{"@type":"SearchAction","target":{"@type":"EntryPoint","urlTemplate":"https:\/\/softventure.pt\/es\/?s={search_term_string}"},"query-input":"required name=search_term_string"}],"inLanguage":"pt-PT"},{"@type":"Organization","@id":"https:\/\/softventure.pt\/es\/#organization","name":"Softventure","url":"https:\/\/softventure.pt\/es\/","logo":{"@type":"ImageObject","inLanguage":"pt-PT","@id":"https:\/\/softventure.pt\/es\/#\/schema\/logo\/image\/","url":"https:\/\/softventure.pt\/wordpress\/wp-content\/uploads\/2019\/10\/SV-duochrome-BlackWhite.png","contentUrl":"https:\/\/softventure.pt\/wordpress\/wp-content\/uploads\/2019\/10\/SV-duochrome-BlackWhite.png","width":3508,"height":2480,"caption":"Softventure"},"image":{"@id":"https:\/\/softventure.pt\/es\/#\/schema\/logo\/image\/"},"sameAs":["https:\/\/www.facebook.com\/softventuresa\/"]}]}},"_links":{"self":[{"href":"https:\/\/softventure.pt\/pt-pt\/wp-json\/wp\/v2\/pages\/1309"}],"collection":[{"href":"https:\/\/softventure.pt\/pt-pt\/wp-json\/wp\/v2\/pages"}],"about":[{"href":"https:\/\/softventure.pt\/pt-pt\/wp-json\/wp\/v2\/types\/page"}],"author":[{"embeddable":true,"href":"https:\/\/softventure.pt\/pt-pt\/wp-json\/wp\/v2\/users\/4"}],"replies":[{"embeddable":true,"href":"https:\/\/softventure.pt\/pt-pt\/wp-json\/wp\/v2\/comments?post=1309"}],"version-history":[{"count":2,"href":"https:\/\/softventure.pt\/pt-pt\/wp-json\/wp\/v2\/pages\/1309\/revisions"}],"predecessor-version":[{"id":1320,"href":"https:\/\/softventure.pt\/pt-pt\/wp-json\/wp\/v2\/pages\/1309\/revisions\/1320"}],"wp:attachment":[{"href":"https:\/\/softventure.pt\/pt-pt\/wp-json\/wp\/v2\/media?parent=1309"}],"curies":[{"name":"wp","href":"https:\/\/api.w.org\/{rel}","templated":true}]}}