{"id":130,"date":"2018-07-17T18:34:34","date_gmt":"2018-07-17T18:34:34","guid":{"rendered":"http:\/\/softventure.pt\/wordpress\/?page_id=130"},"modified":"2019-05-27T11:52:52","modified_gmt":"2019-05-27T11:52:52","slug":"tennis-speed-radar","status":"publish","type":"page","link":"https:\/\/softventure.pt\/pt-pt\/apps\/tennis-speed-radar\/","title":{"rendered":"Tennis speed radar"},"content":{"rendered":"<p>A que velocidade serve quando joga t\u00e9nis com os seus amigos? Tennis Speed Radar \u00e9 a nova app que lhe permite saber a velocidade do seu servi\u00e7o e das suas pancadas. Totalmente gratuita, est\u00e1 dispon\u00edvel para Windows 8, Android e iOs. Destinado a todos os jogadores de t\u00e9nis , inclui a an\u00e1lise imediata de:<br \/>\nVelocidade inicial da pancada<br \/>\nVelocidade do ressalto<br \/>\nSingulares ou pares<br \/>\nResultado da pancada e registo de v\u00eddeo<br \/>\nPartilha de resultados com os amigos ou redes sociais<br \/>\nIdentifica\u00e7\u00e3o autom\u00e1tica da melhor pancada\u200f<br \/>\nCompita para os pontos e para a maior velocidade. <\/p>\n<p>Veja mais em <a href=\"http:\/\/tennisspeedradar.com\/\" rel=\"noopener noreferrer\" target=\"_blank\">http:\/\/tennisspeedradar.com\/<\/a><\/p>\n","protected":false},"excerpt":{"rendered":"<p>A que velocidade serve quando joga t\u00e9nis com os seus amigos? Tennis Speed Radar \u00e9 a nova app que lhe permite saber a velocidade do seu servi\u00e7o e das suas pancadas. Totalmente gratuita, est\u00e1 dispon\u00edvel para Windows 8, Android e iOs. Destinado a todos os jogadores de t\u00e9nis , inclui a an\u00e1lise imediata de: Velocidade inicial da pancada Velocidade do ressalto Singulares ou pares Resultado da pancada e registo de&hellip;<\/p>\n","protected":false},"author":1,"featured_media":0,"parent":133,"menu_order":0,"comment_status":"closed","ping_status":"closed","template":"","meta":[],"yoast_head":"<!-- This site is optimized with the Yoast SEO plugin v19.10 - https:\/\/yoast.com\/wordpress\/plugins\/seo\/ -->\n<title>Tennis speed radar | Softventure<\/title>\n<meta name=\"robots\" content=\"index, follow, max-snippet:-1, max-image-preview:large, max-video-preview:-1\" \/>\n<link rel=\"canonical\" href=\"https:\/\/softventure.pt\/pt-pt\/apps\/tennis-speed-radar\/\" \/>\n<meta property=\"og:locale\" content=\"pt_PT\" \/>\n<meta property=\"og:type\" content=\"article\" \/>\n<meta property=\"og:title\" content=\"Tennis speed radar | Softventure\" \/>\n<meta property=\"og:description\" content=\"A que velocidade serve quando joga t\u00e9nis com os seus amigos? Tennis Speed Radar \u00e9 a nova app que lhe permite saber a velocidade do seu servi\u00e7o e das suas pancadas. Totalmente gratuita, est\u00e1 dispon\u00edvel para Windows 8, Android e iOs. Destinado a todos os jogadores de t\u00e9nis , inclui a an\u00e1lise imediata de: Velocidade inicial da pancada Velocidade do ressalto Singulares ou pares Resultado da pancada e registo de&hellip;\" \/>\n<meta property=\"og:url\" content=\"https:\/\/softventure.pt\/pt-pt\/apps\/tennis-speed-radar\/\" \/>\n<meta property=\"og:site_name\" content=\"Softventure\" \/>\n<meta property=\"article:publisher\" content=\"https:\/\/www.facebook.com\/softventuresa\/\" \/>\n<meta property=\"article:modified_time\" content=\"2019-05-27T11:52:52+00:00\" \/>\n<meta name=\"twitter:card\" content=\"summary_large_image\" \/>\n<meta name=\"twitter:label1\" content=\"Tempo estimado de leitura\" \/>\n\t<meta name=\"twitter:data1\" content=\"1 minuto\" \/>\n<script type=\"application\/ld+json\" class=\"yoast-schema-graph\">{\"@context\":\"https:\/\/schema.org\",\"@graph\":[{\"@type\":\"WebPage\",\"@id\":\"https:\/\/softventure.pt\/pt-pt\/apps\/tennis-speed-radar\/\",\"url\":\"https:\/\/softventure.pt\/pt-pt\/apps\/tennis-speed-radar\/\",\"name\":\"Tennis speed radar | Softventure\",\"isPartOf\":{\"@id\":\"https:\/\/softventure.pt\/es\/#website\"},\"datePublished\":\"2018-07-17T18:34:34+00:00\",\"dateModified\":\"2019-05-27T11:52:52+00:00\",\"breadcrumb\":{\"@id\":\"https:\/\/softventure.pt\/pt-pt\/apps\/tennis-speed-radar\/#breadcrumb\"},\"inLanguage\":\"pt-PT\",\"potentialAction\":[{\"@type\":\"ReadAction\",\"target\":[\"https:\/\/softventure.pt\/pt-pt\/apps\/tennis-speed-radar\/\"]}]},{\"@type\":\"BreadcrumbList\",\"@id\":\"https:\/\/softventure.pt\/pt-pt\/apps\/tennis-speed-radar\/#breadcrumb\",\"itemListElement\":[{\"@type\":\"ListItem\",\"position\":1,\"name\":\"In\u00edcio\",\"item\":\"https:\/\/softventure.pt\/pt-pt\/\"},{\"@type\":\"ListItem\",\"position\":2,\"name\":\"Apps\",\"item\":\"https:\/\/softventure.pt\/pt-pt\/apps\/\"},{\"@type\":\"ListItem\",\"position\":3,\"name\":\"Tennis speed radar\"}]},{\"@type\":\"WebSite\",\"@id\":\"https:\/\/softventure.pt\/es\/#website\",\"url\":\"https:\/\/softventure.pt\/es\/\",\"name\":\"Softventure\",\"description\":\"\",\"publisher\":{\"@id\":\"https:\/\/softventure.pt\/es\/#organization\"},\"potentialAction\":[{\"@type\":\"SearchAction\",\"target\":{\"@type\":\"EntryPoint\",\"urlTemplate\":\"https:\/\/softventure.pt\/es\/?s={search_term_string}\"},\"query-input\":\"required name=search_term_string\"}],\"inLanguage\":\"pt-PT\"},{\"@type\":\"Organization\",\"@id\":\"https:\/\/softventure.pt\/es\/#organization\",\"name\":\"Softventure\",\"url\":\"https:\/\/softventure.pt\/es\/\",\"logo\":{\"@type\":\"ImageObject\",\"inLanguage\":\"pt-PT\",\"@id\":\"https:\/\/softventure.pt\/es\/#\/schema\/logo\/image\/\",\"url\":\"https:\/\/softventure.pt\/wordpress\/wp-content\/uploads\/2019\/10\/SV-duochrome-BlackWhite.png\",\"contentUrl\":\"https:\/\/softventure.pt\/wordpress\/wp-content\/uploads\/2019\/10\/SV-duochrome-BlackWhite.png\",\"width\":3508,\"height\":2480,\"caption\":\"Softventure\"},\"image\":{\"@id\":\"https:\/\/softventure.pt\/es\/#\/schema\/logo\/image\/\"},\"sameAs\":[\"https:\/\/www.facebook.com\/softventuresa\/\"]}]}<\/script>\n<!-- \/ Yoast SEO plugin. -->","yoast_head_json":{"title":"Tennis speed radar | Softventure","robots":{"index":"index","follow":"follow","max-snippet":"max-snippet:-1","max-image-preview":"max-image-preview:large","max-video-preview":"max-video-preview:-1"},"canonical":"https:\/\/softventure.pt\/pt-pt\/apps\/tennis-speed-radar\/","og_locale":"pt_PT","og_type":"article","og_title":"Tennis speed radar | Softventure","og_description":"A que velocidade serve quando joga t\u00e9nis com os seus amigos? Tennis Speed Radar \u00e9 a nova app que lhe permite saber a velocidade do seu servi\u00e7o e das suas pancadas. Totalmente gratuita, est\u00e1 dispon\u00edvel para Windows 8, Android e iOs. Destinado a todos os jogadores de t\u00e9nis , inclui a an\u00e1lise imediata de: Velocidade inicial da pancada Velocidade do ressalto Singulares ou pares Resultado da pancada e registo de&hellip;","og_url":"https:\/\/softventure.pt\/pt-pt\/apps\/tennis-speed-radar\/","og_site_name":"Softventure","article_publisher":"https:\/\/www.facebook.com\/softventuresa\/","article_modified_time":"2019-05-27T11:52:52+00:00","twitter_card":"summary_large_image","twitter_misc":{"Tempo estimado de leitura":"1 minuto"},"schema":{"@context":"https:\/\/schema.org","@graph":[{"@type":"WebPage","@id":"https:\/\/softventure.pt\/pt-pt\/apps\/tennis-speed-radar\/","url":"https:\/\/softventure.pt\/pt-pt\/apps\/tennis-speed-radar\/","name":"Tennis speed radar | Softventure","isPartOf":{"@id":"https:\/\/softventure.pt\/es\/#website"},"datePublished":"2018-07-17T18:34:34+00:00","dateModified":"2019-05-27T11:52:52+00:00","breadcrumb":{"@id":"https:\/\/softventure.pt\/pt-pt\/apps\/tennis-speed-radar\/#breadcrumb"},"inLanguage":"pt-PT","potentialAction":[{"@type":"ReadAction","target":["https:\/\/softventure.pt\/pt-pt\/apps\/tennis-speed-radar\/"]}]},{"@type":"BreadcrumbList","@id":"https:\/\/softventure.pt\/pt-pt\/apps\/tennis-speed-radar\/#breadcrumb","itemListElement":[{"@type":"ListItem","position":1,"name":"In\u00edcio","item":"https:\/\/softventure.pt\/pt-pt\/"},{"@type":"ListItem","position":2,"name":"Apps","item":"https:\/\/softventure.pt\/pt-pt\/apps\/"},{"@type":"ListItem","position":3,"name":"Tennis speed radar"}]},{"@type":"WebSite","@id":"https:\/\/softventure.pt\/es\/#website","url":"https:\/\/softventure.pt\/es\/","name":"Softventure","description":"","publisher":{"@id":"https:\/\/softventure.pt\/es\/#organization"},"potentialAction":[{"@type":"SearchAction","target":{"@type":"EntryPoint","urlTemplate":"https:\/\/softventure.pt\/es\/?s={search_term_string}"},"query-input":"required name=search_term_string"}],"inLanguage":"pt-PT"},{"@type":"Organization","@id":"https:\/\/softventure.pt\/es\/#organization","name":"Softventure","url":"https:\/\/softventure.pt\/es\/","logo":{"@type":"ImageObject","inLanguage":"pt-PT","@id":"https:\/\/softventure.pt\/es\/#\/schema\/logo\/image\/","url":"https:\/\/softventure.pt\/wordpress\/wp-content\/uploads\/2019\/10\/SV-duochrome-BlackWhite.png","contentUrl":"https:\/\/softventure.pt\/wordpress\/wp-content\/uploads\/2019\/10\/SV-duochrome-BlackWhite.png","width":3508,"height":2480,"caption":"Softventure"},"image":{"@id":"https:\/\/softventure.pt\/es\/#\/schema\/logo\/image\/"},"sameAs":["https:\/\/www.facebook.com\/softventuresa\/"]}]}},"_links":{"self":[{"href":"https:\/\/softventure.pt\/pt-pt\/wp-json\/wp\/v2\/pages\/130"}],"collection":[{"href":"https:\/\/softventure.pt\/pt-pt\/wp-json\/wp\/v2\/pages"}],"about":[{"href":"https:\/\/softventure.pt\/pt-pt\/wp-json\/wp\/v2\/types\/page"}],"author":[{"embeddable":true,"href":"https:\/\/softventure.pt\/pt-pt\/wp-json\/wp\/v2\/users\/1"}],"replies":[{"embeddable":true,"href":"https:\/\/softventure.pt\/pt-pt\/wp-json\/wp\/v2\/comments?post=130"}],"version-history":[{"count":3,"href":"https:\/\/softventure.pt\/pt-pt\/wp-json\/wp\/v2\/pages\/130\/revisions"}],"predecessor-version":[{"id":434,"href":"https:\/\/softventure.pt\/pt-pt\/wp-json\/wp\/v2\/pages\/130\/revisions\/434"}],"up":[{"embeddable":true,"href":"https:\/\/softventure.pt\/pt-pt\/wp-json\/wp\/v2\/pages\/133"}],"wp:attachment":[{"href":"https:\/\/softventure.pt\/pt-pt\/wp-json\/wp\/v2\/media?parent=130"}],"curies":[{"name":"wp","href":"https:\/\/api.w.org\/{rel}","templated":true}]}}