{"id":1313,"date":"2019-12-16T10:30:07","date_gmt":"2019-12-16T10:30:07","guid":{"rendered":"https:\/\/softventure.pt\/politique-de-confidentialite-softventure\/"},"modified":"2019-12-17T10:57:40","modified_gmt":"2019-12-17T10:57:40","slug":"politique-de-confidentialite-softventure","status":"publish","type":"page","link":"https:\/\/softventure.pt\/fr\/politique-de-confidentialite-softventure\/","title":{"rendered":"Politique de confidentialit\u00e9"},"content":{"rendered":"<h1>Politique g\u00e9n\u00e9rale en mati\u00e8re de s\u00e9curit\u00e9 et de confidentialit\u00e9<\/h1>\n<p>La protection de la vie priv\u00e9e et des donn\u00e9es personnelles est un engagement clair pris par nous et une priorit\u00e9 pour SOFTVENTURE.<\/p>\n<p>Cette politique concerne les pratiques de protection de la vie priv\u00e9e dans le contexte de l&rsquo;activit\u00e9 r\u00e9guli\u00e8re de softventure, qui comprend des portails, des <em>sites Web en ligne<\/em> et d&rsquo;autres services g\u00e9r\u00e9s par cette soci\u00e9t\u00e9. Les donn\u00e9es personnelles fournies par l&rsquo;interaction avec nos services seront trait\u00e9es avec toutes les garanties de s\u00e9curit\u00e9 et de confidentialit\u00e9 du cadre juridique en mati\u00e8re de protection des donn\u00e9es personnelles.<\/p>\n<p>Les portails et <em>les sites Web<\/em> sous la tutelle de softventure, parmi ses services disponibles, peuvent avoir des liens vers d&rsquo;autres sites <em>Web<\/em> d&rsquo;entit\u00e9s externes. La politique de confidentialit\u00e9 de Softventure s&rsquo;adresse exclusivement aux <em>sites<\/em> et services de sa propre responsabilit\u00e9. Lorsque vous<em> acc\u00e9dez \u00e0<\/em> d&rsquo;autres sites Web d&rsquo;entit\u00e9s, si ce n&rsquo;est \u00e0 partir <em>des sites Web<\/em> prot\u00e9g\u00e9s par SOFTVENTURE, vous devriez en apprendre davantage sur leurs politiques de confidentialit\u00e9.<\/p>\n<p>L&rsquo;acc\u00e8s et l&rsquo;utilisation des services, portails et sites de <em>tutelle<\/em> de SOFTVENTURE doivent \u00eatre gratuits par vous. SOFTVENTURE suppose que vous avez lu, compris et accept\u00e9 les Conditions g\u00e9n\u00e9rales de son utilisation.<\/p>\n<p>L&rsquo;utilisateur s&rsquo;engage \u00e0 se conformer \u00e0 la l\u00e9gislation applicable, principalement en ce qui concerne la criminalit\u00e9 informatique et les droits de propri\u00e9t\u00e9 intellectuelle. Il sera toujours de votre seule responsabilit\u00e9 d&rsquo;infraction \u00e0 ces r\u00e8glements. Toute tentative de modifier l&rsquo;information, ou toute autre action susceptible de causer des dommages et de mettre en danger l&rsquo;int\u00e9grit\u00e9 du syst\u00e8me, est strictement interdite en vertu du cadre l\u00e9gislatif existant.<\/p>\n<h1>Agent de protection des donn\u00e9es<\/h1>\n<p>SOFTVENTURE a nomm\u00e9 un agent de protection des donn\u00e9es qui peut \u00eatre contact\u00e9 par <em>l&rsquo;adresse<\/em> \u00e9lectronique dpo@softventure.pt ou par lettre enregistr\u00e9e avec avis de r\u00e9ception pour Rua da Alf\u00e2ndega N.78, 5oB, 9000-059 Funchal.<\/p>\n<h1>Vie priv\u00e9e<\/h1>\n<p>Les donn\u00e9es demand\u00e9es aux utilisateurs sur <em>les sites Web<\/em> prot\u00e9g\u00e9s par SOFTVENTURE sont destin\u00e9es exclusivement \u00e0 la fourniture du service demand\u00e9 par vous, et les donn\u00e9es personnelles inutiles n\u00e9cessaires \u00e0 la fourniture du service ne sont jamais collect\u00e9es &#8211; ou votre consentement du service lui-m\u00eame. SOFTVENTURE respecte pleinement et dans la lumi\u00e8re juridique le droit \u00e0 la vie priv\u00e9e.<\/p>\n<p>L&rsquo;interaction avec les services, portails ou <em>sites Web<\/em> de SOFTVENTURE ne n\u00e9cessite aucune information utilisateur, sauf \u00e0 des fins express\u00e9ment identifi\u00e9es lorsque l&rsquo;enregistrement est d\u00e9clar\u00e9 n\u00e9cessaire et est ensuite autoris\u00e9 par vous sous les termes suivants :<\/p>\n<h3>Responsable du traitement<\/h3>\n<p>SOFTVENTURE comme traitement des donn\u00e9es est responsable du traitement de ces t\u00e2ches:<\/p>\n<ul>\n<li>Le traitement des donn\u00e9es \u00e0 caract\u00e8re personnel est effectu\u00e9 \u00e0 des fins relevant de la devise pour laquelle ils ont \u00e9t\u00e9 collect\u00e9s ou, en particulier, \u00e0 des fins compatibles avec celles-ci;<\/li>\n<li>SOFTVENTURE collecte, utilise et conserve uniquement et uniquement les donn\u00e9es personnelles essentielles aux fins alors identifi\u00e9es;<\/li>\n<li>Les donn\u00e9es personnelles ne sont pas transmises \u00e0 des tiers \u00e0 des fins commerciales ou publicitaires;<\/li>\n<li>Il s&rsquo;agit de donn\u00e9es personnelles \u00e0 des fins l\u00e9galement fournies et\/ou pour l&rsquo;ex\u00e9cution des services requis.<\/li>\n<\/ul>\n<h2>Sous-traitant<\/h2>\n<p>En tant que sous-traitant, SOFTVENTURE s&rsquo;engage \u00e0 traiter les donn\u00e9es personnelles contractuelles avec les entit\u00e9s responsables du traitement des donn\u00e9es et de la conformit\u00e9 aux accords de confidentialit\u00e9.<\/p>\n<h2>Typologie des donn\u00e9es personnelles collect\u00e9es<\/h2>\n<p>Selon les services fournis peut SOFTVENTURE recueillir: l&rsquo;adresse IP; le nom; l&rsquo;\u00e2ge; le num\u00e9ro d&rsquo;identification fiscale; le nombre d&rsquo;identifications civiles; le num\u00e9ro de s\u00e9curit\u00e9 sociale; num\u00e9ro de document d&rsquo;identification; l&rsquo;adresse; l&rsquo;adresse e-mail; le num\u00e9ro de t\u00e9l\u00e9phone mobile; d&rsquo;autres donn\u00e9es d&rsquo;identification pertinentes, en vertu d&rsquo;informations pr\u00e9coces \u00e0 la personne ou \u00e0 l&rsquo;entreprise \u00e0 qui les donn\u00e9es sont recueillies.<\/p>\n<p>Les donn\u00e9es personnelles de Softventure soumises au traitement sont d&rsquo;une nature diff\u00e9rente, attentives \u00e0 la fourniture de services promus sur les plateformes \u00e9lectroniques et d&rsquo;autres services sous sa direction.<\/p>\n<h1>S\u00e9curit\u00e9 des donn\u00e9es personnelles<\/h1>\n<p>SOFTVENTURE utilise un ensemble de proc\u00e9dures de s\u00e9curit\u00e9 adapt\u00e9es \u00e0 la protection des donn\u00e9es personnelles, \u00e0 la protection de l&rsquo;acc\u00e8s ou de la divulgation non autoris\u00e9s, ainsi qu&rsquo;\u00e0 un ensemble de technologies adapt\u00e9es \u00e0 cette fin, en particulier :<\/p>\n<ul>\n<li>Mesures de s\u00e9curit\u00e9 logiques dans la composante de l&rsquo;acc\u00e8s aux syst\u00e8mes et aux emplois par le biais de m\u00e9canismes de gestion de l&rsquo;identit\u00e9, d&rsquo;authentification et de privil\u00e8ges;<\/li>\n<li>Dans le composant r\u00e9seau, l&rsquo;utilisation de pare-feu et de syst\u00e8mes de d\u00e9tection d&rsquo;intrusion, la s\u00e9gr\u00e9gation des r\u00e9seaux et des environnements d&rsquo;application, ainsi que le cryptage des informations par des canaux de communication s\u00e9curis\u00e9s.<\/li>\n<\/ul>\n<h3>Acc\u00e8s et contr\u00f4le de vos donn\u00e9es personnelles<\/h3>\n<p>Sur demande, nous permettons l&rsquo;acc\u00e8s, la rectification et l&rsquo;alifage des donn\u00e9es personnelles. Toutes les personnes et entit\u00e9s dont les donn\u00e9es sont collect\u00e9es ont \u00e9galement le droit de s&rsquo;opposer au traitement de leurs donn\u00e9es personnelles.<\/p>\n<p>Lorsque l&rsquo;utilisation des donn\u00e9es \u00e0 caract\u00e8re personnel est fond\u00e9e sur le consentement effectif, l&rsquo;utilisateur concern\u00e9 a le droit de retirer ses donn\u00e9es, sans toutefois compromettre la validit\u00e9 du traitement des donn\u00e9es effectu\u00e9es jusqu&rsquo;\u00e0 pr\u00e9sent.<\/p>\n<p>Ainsi, et par l&rsquo;interm\u00e9diaire de l&rsquo;agent de protection des donn\u00e9es<em>(dpo@softventure.pt)<\/em>peut demander:<\/p>\n<ul>\n<li>Informations sur vos donn\u00e9es;<\/li>\n<li>Informations sur le traitement;<\/li>\n<li>Le but sous-jacent au traitement;<\/li>\n<li>La correction ou la mise \u00e0 jour des donn\u00e9es;<\/li>\n<li>Vos donn\u00e9es dans un format ouvert;<\/li>\n<li>L&rsquo;errage des donn\u00e9es, sans pr\u00e9judice de la l\u00e9gislation applicable au traitement en question.<\/li>\n<\/ul>\n<h1>Archives de donn\u00e9es personnelles<\/h1>\n<p>Les donn\u00e9es personnelles sont stock\u00e9es par SOFTVENTURE pour une p\u00e9riode jug\u00e9e n\u00e9cessaire pour le traitement respectif, conform\u00e9ment \u00e0 l&rsquo;objectif pour lequel elles sont destin\u00e9es.<\/p>\n<p>Ces p\u00e9riodes o\u00f9 les donn\u00e9es sont stock\u00e9es changent lorsque les raisons d&rsquo;int\u00e9r\u00eat public, historiques, scientifiques ou statistiques qui y sont associ\u00e9es le justifient. SOFTVENTURE s&rsquo;engage \u00e0 adopter des mesures de conservation et de s\u00e9curit\u00e9 pendant cette p\u00e9riode.<\/p>\n<h1>Cookies et technologies similaires<\/h1>\n<p>SOFTVENTURE utilise des outils statistiques et de collecte comme <em>cookies<\/em> et similaires sur ses <em>sites Web.<\/em> Ceux-ci permettent d&rsquo;am\u00e9liorer les performances et l&rsquo;exp\u00e9rience de navigation utilisateur. L&rsquo;objectif est d&rsquo;augmenter la vitesse et l&rsquo;efficacit\u00e9 de r\u00e9ponse et aussi d&rsquo;\u00e9liminer la n\u00e9cessit\u00e9 d&rsquo;entrer \u00e0 plusieurs reprises les m\u00eames informations.<\/p>\n<p>Le d\u00e9p\u00f4t de <em>cookies<\/em> aide les <em>sites Web<\/em> \u00e0 reconna\u00eetre les appareils de l&rsquo;utilisateur \u00e0 chaque visite et \u00e0 devenir, par habitude et facilit\u00e9, essentiel au fonctionnement des sites Web.<\/p>\n<p>Ces <em>cookies<\/em> utilis\u00e9s par SOFTVENTURE ne conservent que des informations g\u00e9n\u00e9riques, telles que le formulaire ou la r\u00e9gion\/ville d&rsquo;acc\u00e8s, entre autres, et ne recueillent pas de renseignements personnels qui m\u00e8nent \u00e0 l&rsquo;identification des utilisateurs.<\/p>\n<p>Les cookies utilis\u00e9s sur les <em>sites Web<\/em> et portails DE SOFTVENTURE sont les :<\/p>\n<ul>\n<li>Essentiel &#8211; qui garantissent l&rsquo;acc\u00e8s aux espaces priv\u00e9s afin de faciliter la performance des services &#8211; \u00e0 savoir: cookies de session.<\/li>\n<li>Analytique -Important dans la collecte d&rsquo;informations pour l&rsquo;analyse statistique de la navigation et l&rsquo;utilisation du <em>site \u00e9lectronique,<\/em> gr\u00e2ce \u00e0 des outils communs fournis par des tiers, tels que Google.<\/li>\n<li>R\u00e9seaux sociaux &#8211; qui permettent l&rsquo;identification des utilisateurs, leur disponibilit\u00e9 dans le contenu et de les partager sur des r\u00e9seaux tels que:<\/li>\n<\/ul>\n<p>&#8211; Facebook;<\/p>\n<p>Twitter.<\/p>\n<p>Les informations g\u00e9n\u00e9r\u00e9es par les cookies peuvent \u00eatre envoy\u00e9es \u00e0 des tiers pour l&rsquo;analyse des tendances, le suivi de la navigation et les performances de celui-ci. Cette soumission ne vous permet pas d&rsquo;identifier qui que ce soit.<\/p>\n<h2>Comment contr\u00f4ler l&rsquo;utilisation des cookies ?<\/h2>\n<p>Les utilisateurs peuvent emp\u00eacher l&rsquo;utilisation de cookies dans les param\u00e8tres du navigateur. Toutefois, si vous limitez cette option, l&rsquo;utilisation de certaines fonctionnalit\u00e9s ou les performances de certains outils peuvent \u00eatre conditionn\u00e9s.<\/p>\n<h1>Avertissement<\/h1>\n<p>SOFTVENTURE d\u00e9cline toute responsabilit\u00e9 en dommages-int\u00e9r\u00eats ou dommages-int\u00e9r\u00eats, en cas de responsabilit\u00e9 civile (y compris, mais sans dommage limit\u00e9, dommages \u00e9mergents, pertes de profits et dommages moraux caus\u00e9s directement ou indirectement), qui cons\u00e9quence de l&rsquo;utilisation correcte ou incorrecte de ses Services, <em>les sites \u00e9lectroniques<\/em> et leur contenu, par vous, y compris l&rsquo;acc\u00e8s indu \u00e0 votre ordinateur et syst\u00e8me informatique par des tiers.<\/p>\n<p>Les renseignements divulgu\u00e9s doivent toujours \u00eatre visibles dans ses renseignements.<\/p>\n<p>Dans les services, <em>les sites Web<\/em> et les portails g\u00e9r\u00e9s par SOFTVENTURE, il y a du contenu et des services mis \u00e0 disposition par des tiers, et la mise \u00e0 jour du contenu de ces entit\u00e9s est responsable de la mise \u00e0 jour du contenu. Ainsi, SOFTVENTURE ne peut \u00eatre tenu responsable de l&rsquo;exactitude compl\u00e8te et de la rapidit\u00e9 de toute information contenue dans ses <em>sites Web <\/em>et autres.<\/p>\n<p>Il est possible que les <em>sites Web<\/em> contiennent des liens externes vers des sites Web tiers sur lesquels SOFTVENTURE s&rsquo;exon\u00e8re \u00e9galement de toute responsabilit\u00e9.<\/p>\n<p>La visualisation des dispositions l\u00e9gales sur ce <em>site<\/em> n&rsquo;exempte pas la consultation des r\u00e8gles l\u00e9gales en vigueur, officiellement approuv\u00e9es, publi\u00e9es dans les \u00e9ditions et supports originaux (\u00e0 savoir la Gazette ou le Journal Officiel de l&rsquo;Union Europ\u00e9enne).<\/p>\n<h1>Modification de la politique de s\u00e9curit\u00e9 et de confidentialit\u00e9<\/h1>\n<p>Ces Conditions g\u00e9n\u00e9rales, qui doivent \u00eatre lues avec une attention et une compr\u00e9hension compl\u00e8tes, peuvent \u00eatre modifi\u00e9es, \u00e9tant donn\u00e9 que les changements prennent effet \u00e0 partir de la date de leur publication sur ce <em>site,<\/em>en faisant toujours clairement r\u00e9f\u00e9rence \u00e0 la date de mise \u00e0 jour.<\/p>\n<h1>Droit applicable et juridiction comp\u00e9tente<\/h1>\n<p>Ces Conditions sont r\u00e9gies et interpr\u00e9t\u00e9es conform\u00e9ment \u00e0 la loi portugaise. Le tribunal de la r\u00e9gion de Lisbonne, \u00e0 l&rsquo;exclusion de tout autre, est comp\u00e9tent pour r\u00e9soudre tout conflit r\u00e9sultant de l&rsquo;interpr\u00e9tation et de l&rsquo;application de ces Conditions.<\/p>\n","protected":false},"excerpt":{"rendered":"<p>Politique g\u00e9n\u00e9rale en mati\u00e8re de s\u00e9curit\u00e9 et de confidentialit\u00e9 La protection de la vie priv\u00e9e et des donn\u00e9es personnelles est un engagement clair pris par nous et une priorit\u00e9 pour SOFTVENTURE. Cette politique concerne les pratiques de protection de la vie priv\u00e9e dans le contexte de l&rsquo;activit\u00e9 r\u00e9guli\u00e8re de softventure, qui comprend des portails, des sites Web en ligne et d&rsquo;autres services g\u00e9r\u00e9s par cette soci\u00e9t\u00e9. Les donn\u00e9es personnelles fournies&hellip;<\/p>\n","protected":false},"author":4,"featured_media":0,"parent":0,"menu_order":0,"comment_status":"closed","ping_status":"closed","template":"","meta":[],"yoast_head":"<!-- This site is optimized with the Yoast SEO plugin v19.10 - https:\/\/yoast.com\/wordpress\/plugins\/seo\/ -->\n<title>Politique de confidentialit\u00e9 | Softventure<\/title>\n<meta name=\"description\" content=\"La protection de la vie priv\u00e9e et des donn\u00e9es personnelles est un engagement clair pris par nous et une priorit\u00e9 pour SOFTVENTURE. Politique de confidentialit\u00e9\" \/>\n<meta name=\"robots\" content=\"index, follow, max-snippet:-1, max-image-preview:large, max-video-preview:-1\" \/>\n<link rel=\"canonical\" href=\"https:\/\/softventure.pt\/fr\/politique-de-confidentialite-softventure\/\" \/>\n<meta property=\"og:locale\" content=\"fr_FR\" \/>\n<meta property=\"og:type\" content=\"article\" \/>\n<meta property=\"og:title\" content=\"Politique de confidentialit\u00e9 | Softventure\" \/>\n<meta property=\"og:description\" content=\"La protection de la vie priv\u00e9e et des donn\u00e9es personnelles est un engagement clair pris par nous et une priorit\u00e9 pour SOFTVENTURE. Politique de confidentialit\u00e9\" \/>\n<meta property=\"og:url\" content=\"https:\/\/softventure.pt\/fr\/politique-de-confidentialite-softventure\/\" \/>\n<meta property=\"og:site_name\" content=\"Softventure\" \/>\n<meta property=\"article:publisher\" content=\"https:\/\/www.facebook.com\/softventuresa\/\" \/>\n<meta property=\"article:modified_time\" content=\"2019-12-17T10:57:40+00:00\" \/>\n<meta name=\"twitter:card\" content=\"summary_large_image\" \/>\n<meta name=\"twitter:label1\" content=\"Dur\u00e9e de lecture estim\u00e9e\" \/>\n\t<meta name=\"twitter:data1\" content=\"8 minutes\" \/>\n<script type=\"application\/ld+json\" class=\"yoast-schema-graph\">{\"@context\":\"https:\/\/schema.org\",\"@graph\":[{\"@type\":\"WebPage\",\"@id\":\"https:\/\/softventure.pt\/fr\/politique-de-confidentialite-softventure\/\",\"url\":\"https:\/\/softventure.pt\/fr\/politique-de-confidentialite-softventure\/\",\"name\":\"Politique de confidentialit\u00e9 | Softventure\",\"isPartOf\":{\"@id\":\"https:\/\/softventure.pt\/es\/#website\"},\"datePublished\":\"2019-12-16T10:30:07+00:00\",\"dateModified\":\"2019-12-17T10:57:40+00:00\",\"description\":\"La protection de la vie priv\u00e9e et des donn\u00e9es personnelles est un engagement clair pris par nous et une priorit\u00e9 pour SOFTVENTURE. Politique de confidentialit\u00e9\",\"breadcrumb\":{\"@id\":\"https:\/\/softventure.pt\/fr\/politique-de-confidentialite-softventure\/#breadcrumb\"},\"inLanguage\":\"fr-FR\",\"potentialAction\":[{\"@type\":\"ReadAction\",\"target\":[\"https:\/\/softventure.pt\/fr\/politique-de-confidentialite-softventure\/\"]}]},{\"@type\":\"BreadcrumbList\",\"@id\":\"https:\/\/softventure.pt\/fr\/politique-de-confidentialite-softventure\/#breadcrumb\",\"itemListElement\":[{\"@type\":\"ListItem\",\"position\":1,\"name\":\"In\u00edcio\",\"item\":\"https:\/\/softventure.pt\/fr\/\"},{\"@type\":\"ListItem\",\"position\":2,\"name\":\"Politique de confidentialit\u00e9\"}]},{\"@type\":\"WebSite\",\"@id\":\"https:\/\/softventure.pt\/es\/#website\",\"url\":\"https:\/\/softventure.pt\/es\/\",\"name\":\"Softventure\",\"description\":\"\",\"publisher\":{\"@id\":\"https:\/\/softventure.pt\/es\/#organization\"},\"potentialAction\":[{\"@type\":\"SearchAction\",\"target\":{\"@type\":\"EntryPoint\",\"urlTemplate\":\"https:\/\/softventure.pt\/es\/?s={search_term_string}\"},\"query-input\":\"required name=search_term_string\"}],\"inLanguage\":\"fr-FR\"},{\"@type\":\"Organization\",\"@id\":\"https:\/\/softventure.pt\/es\/#organization\",\"name\":\"Softventure\",\"url\":\"https:\/\/softventure.pt\/es\/\",\"logo\":{\"@type\":\"ImageObject\",\"inLanguage\":\"fr-FR\",\"@id\":\"https:\/\/softventure.pt\/es\/#\/schema\/logo\/image\/\",\"url\":\"https:\/\/softventure.pt\/wordpress\/wp-content\/uploads\/2019\/10\/SV-duochrome-BlackWhite.png\",\"contentUrl\":\"https:\/\/softventure.pt\/wordpress\/wp-content\/uploads\/2019\/10\/SV-duochrome-BlackWhite.png\",\"width\":3508,\"height\":2480,\"caption\":\"Softventure\"},\"image\":{\"@id\":\"https:\/\/softventure.pt\/es\/#\/schema\/logo\/image\/\"},\"sameAs\":[\"https:\/\/www.facebook.com\/softventuresa\/\"]}]}<\/script>\n<!-- \/ Yoast SEO plugin. -->","yoast_head_json":{"title":"Politique de confidentialit\u00e9 | Softventure","description":"La protection de la vie priv\u00e9e et des donn\u00e9es personnelles est un engagement clair pris par nous et une priorit\u00e9 pour SOFTVENTURE. Politique de confidentialit\u00e9","robots":{"index":"index","follow":"follow","max-snippet":"max-snippet:-1","max-image-preview":"max-image-preview:large","max-video-preview":"max-video-preview:-1"},"canonical":"https:\/\/softventure.pt\/fr\/politique-de-confidentialite-softventure\/","og_locale":"fr_FR","og_type":"article","og_title":"Politique de confidentialit\u00e9 | Softventure","og_description":"La protection de la vie priv\u00e9e et des donn\u00e9es personnelles est un engagement clair pris par nous et une priorit\u00e9 pour SOFTVENTURE. Politique de confidentialit\u00e9","og_url":"https:\/\/softventure.pt\/fr\/politique-de-confidentialite-softventure\/","og_site_name":"Softventure","article_publisher":"https:\/\/www.facebook.com\/softventuresa\/","article_modified_time":"2019-12-17T10:57:40+00:00","twitter_card":"summary_large_image","twitter_misc":{"Dur\u00e9e de lecture estim\u00e9e":"8 minutes"},"schema":{"@context":"https:\/\/schema.org","@graph":[{"@type":"WebPage","@id":"https:\/\/softventure.pt\/fr\/politique-de-confidentialite-softventure\/","url":"https:\/\/softventure.pt\/fr\/politique-de-confidentialite-softventure\/","name":"Politique de confidentialit\u00e9 | Softventure","isPartOf":{"@id":"https:\/\/softventure.pt\/es\/#website"},"datePublished":"2019-12-16T10:30:07+00:00","dateModified":"2019-12-17T10:57:40+00:00","description":"La protection de la vie priv\u00e9e et des donn\u00e9es personnelles est un engagement clair pris par nous et une priorit\u00e9 pour SOFTVENTURE. Politique de confidentialit\u00e9","breadcrumb":{"@id":"https:\/\/softventure.pt\/fr\/politique-de-confidentialite-softventure\/#breadcrumb"},"inLanguage":"fr-FR","potentialAction":[{"@type":"ReadAction","target":["https:\/\/softventure.pt\/fr\/politique-de-confidentialite-softventure\/"]}]},{"@type":"BreadcrumbList","@id":"https:\/\/softventure.pt\/fr\/politique-de-confidentialite-softventure\/#breadcrumb","itemListElement":[{"@type":"ListItem","position":1,"name":"In\u00edcio","item":"https:\/\/softventure.pt\/fr\/"},{"@type":"ListItem","position":2,"name":"Politique de confidentialit\u00e9"}]},{"@type":"WebSite","@id":"https:\/\/softventure.pt\/es\/#website","url":"https:\/\/softventure.pt\/es\/","name":"Softventure","description":"","publisher":{"@id":"https:\/\/softventure.pt\/es\/#organization"},"potentialAction":[{"@type":"SearchAction","target":{"@type":"EntryPoint","urlTemplate":"https:\/\/softventure.pt\/es\/?s={search_term_string}"},"query-input":"required name=search_term_string"}],"inLanguage":"fr-FR"},{"@type":"Organization","@id":"https:\/\/softventure.pt\/es\/#organization","name":"Softventure","url":"https:\/\/softventure.pt\/es\/","logo":{"@type":"ImageObject","inLanguage":"fr-FR","@id":"https:\/\/softventure.pt\/es\/#\/schema\/logo\/image\/","url":"https:\/\/softventure.pt\/wordpress\/wp-content\/uploads\/2019\/10\/SV-duochrome-BlackWhite.png","contentUrl":"https:\/\/softventure.pt\/wordpress\/wp-content\/uploads\/2019\/10\/SV-duochrome-BlackWhite.png","width":3508,"height":2480,"caption":"Softventure"},"image":{"@id":"https:\/\/softventure.pt\/es\/#\/schema\/logo\/image\/"},"sameAs":["https:\/\/www.facebook.com\/softventuresa\/"]}]}},"_links":{"self":[{"href":"https:\/\/softventure.pt\/fr\/wp-json\/wp\/v2\/pages\/1313"}],"collection":[{"href":"https:\/\/softventure.pt\/fr\/wp-json\/wp\/v2\/pages"}],"about":[{"href":"https:\/\/softventure.pt\/fr\/wp-json\/wp\/v2\/types\/page"}],"author":[{"embeddable":true,"href":"https:\/\/softventure.pt\/fr\/wp-json\/wp\/v2\/users\/4"}],"replies":[{"embeddable":true,"href":"https:\/\/softventure.pt\/fr\/wp-json\/wp\/v2\/comments?post=1313"}],"version-history":[{"count":2,"href":"https:\/\/softventure.pt\/fr\/wp-json\/wp\/v2\/pages\/1313\/revisions"}],"predecessor-version":[{"id":1322,"href":"https:\/\/softventure.pt\/fr\/wp-json\/wp\/v2\/pages\/1313\/revisions\/1322"}],"wp:attachment":[{"href":"https:\/\/softventure.pt\/fr\/wp-json\/wp\/v2\/media?parent=1313"}],"curies":[{"name":"wp","href":"https:\/\/api.w.org\/{rel}","templated":true}]}}