{"id":919,"date":"2019-06-04T15:19:29","date_gmt":"2019-06-04T15:19:29","guid":{"rendered":"http:\/\/softventure.pt\/wordpress\/contratacion\/"},"modified":"2019-06-04T22:24:31","modified_gmt":"2019-06-04T22:24:31","slug":"contratacion","status":"publish","type":"page","link":"https:\/\/softventure.pt\/es\/contratacion\/","title":{"rendered":"Contrataci\u00f3n"},"content":{"rendered":"<p>En una perspectiva de crecimiento, Softventure est\u00e1 reclutando en las siguientes \u00e1reas:<br \/>Requisitos b\u00e1sicos:<\/p>\n<p>Formaci\u00f3n Superior en el \u00e1rea de las Tecnolog\u00edas de Informaci\u00f3n o similar.<br \/>Conocimientos en an\u00e1lisis y programaci\u00f3n, con preferencia de tecnolog\u00edas .NET<\/p>\n<p>Requisitos diferenciadores:<br \/>Conocimientos en Desarrollo Web y desarrollo m\u00f3vil<br \/>Conocimientos en ASP.NET, preferentemente ASP MVC<br \/>Conocimientos en herramientas de Microsoft (por ejemplo, SQLServer, Windows Server)<br \/>Microsoft Office SharePoint Server<br \/>Objetive C<br \/>Conocimientos en el \u00e1rea Mobile<\/p>\n<p>ofrece:<br \/>Integraci\u00f3n en uno equipo joven y din\u00e1mico;<br \/>Remuneraci\u00f3n b\u00e1sica + Subsidio de alimentaci\u00f3n + Seguro de accidentes de trabajo &#8211; Perspectivas de carrera<\/p>\n<div class=\"wpforms-container wpforms-container-full\" id=\"wpforms-128\"><form id=\"wpforms-form-128\" class=\"wpforms-validate wpforms-form\" data-formid=\"128\" method=\"post\" enctype=\"multipart\/form-data\" action=\"\/es\/wp-json\/wp\/v2\/pages\/919\" data-token=\"f721cae2f728e22d360fc61fe4032df9\"><div class=\"wpforms-head-container\"><div class=\"wpforms-title\">Recrutamento<\/div><\/div><noscript class=\"wpforms-error-noscript\">Por favor, activa JavaScript en tu navegador para completar este formulario.<\/noscript><div class=\"wpforms-field-container\"><div id=\"wpforms-128-field_0-container\" class=\"wpforms-field wpforms-field-name\" data-field-id=\"0\"><label class=\"wpforms-field-label\" for=\"wpforms-128-field_0\">Nome <span class=\"wpforms-required-label\">*<\/span><\/label><div class=\"wpforms-field-row wpforms-field-medium\"><div class=\"wpforms-field-row-block wpforms-first wpforms-one-half\"><input type=\"text\" id=\"wpforms-128-field_0\" class=\"wpforms-field-name-first wpforms-field-required\" name=\"wpforms[fields][0][first]\" required><label for=\"wpforms-128-field_0\" class=\"wpforms-field-sublabel after \">Nombre<\/label><\/div><div class=\"wpforms-field-row-block wpforms-one-half\"><input type=\"text\" id=\"wpforms-128-field_0-last\" class=\"wpforms-field-name-last wpforms-field-required\" name=\"wpforms[fields][0][last]\" required><label for=\"wpforms-128-field_0-last\" class=\"wpforms-field-sublabel after \">Apellidos<\/label><\/div><\/div><\/div><div id=\"wpforms-128-field_1-container\" class=\"wpforms-field wpforms-field-email\" data-field-id=\"1\"><label class=\"wpforms-field-label\" for=\"wpforms-128-field_1\">Email <span class=\"wpforms-required-label\">*<\/span><\/label><input type=\"email\" id=\"wpforms-128-field_1\" class=\"wpforms-field-medium wpforms-field-required\" name=\"wpforms[fields][1]\" required><\/div><div id=\"wpforms-128-field_4-container\" class=\"wpforms-field wpforms-field-number\" data-field-id=\"4\"><label class=\"wpforms-field-label\" for=\"wpforms-128-field_4\">Telefone <span class=\"wpforms-required-label\">*<\/span><\/label><input type=\"number\" pattern=\"\\d*\" id=\"wpforms-128-field_4\" class=\"wpforms-field-small wpforms-field-required\" name=\"wpforms[fields][4]\" required><\/div><div id=\"wpforms-128-field_5-container\" class=\"wpforms-field wpforms-field-text\" data-field-id=\"5\"><label class=\"wpforms-field-label\" for=\"wpforms-128-field_5\">Local Resid\u00eancia <span class=\"wpforms-required-label\">*<\/span><\/label><input type=\"text\" id=\"wpforms-128-field_5\" class=\"wpforms-field-medium wpforms-field-required\" name=\"wpforms[fields][5]\" required><\/div><div id=\"wpforms-128-field_6-container\" class=\"wpforms-field wpforms-field-textarea\" data-field-id=\"6\"><label class=\"wpforms-field-label\" for=\"wpforms-128-field_6\">Forma\u00e7\u00e3o <span class=\"wpforms-required-label\">*<\/span><\/label><textarea id=\"wpforms-128-field_6\" class=\"wpforms-field-large wpforms-field-required\" name=\"wpforms[fields][6]\" required><\/textarea><\/div><div id=\"wpforms-128-field_2-container\" class=\"wpforms-field wpforms-field-textarea\" data-field-id=\"2\"><label class=\"wpforms-field-label\" for=\"wpforms-128-field_2\">Observa\u00e7\u00f5es<\/label><textarea id=\"wpforms-128-field_2\" class=\"wpforms-field-medium\" name=\"wpforms[fields][2]\" ><\/textarea><\/div><div id=\"wpforms-128-field_3-container\" class=\"wpforms-field wpforms-field-gdpr-checkbox\" data-field-id=\"3\"><label class=\"wpforms-field-label\" for=\"wpforms-128-field_3\">GDPR Agreement <span class=\"wpforms-required-label\">*<\/span><\/label><ul id=\"wpforms-128-field_3\" class=\"wpforms-field-required\"><li class=\"choice-1\"><input type=\"checkbox\" id=\"wpforms-128-field_3_1\" name=\"wpforms[fields][3][]\" value=\"I consent to having this website store my submitted information so they can respond to my inquiry.\" required ><label class=\"wpforms-field-label-inline\" for=\"wpforms-128-field_3_1\">I consent to having this website store my submitted information so they can respond to my inquiry.<\/label><\/li><\/ul><\/div><\/div><div class=\"wpforms-field wpforms-field-hp\"><label for=\"wpforms-128-field-hp\" class=\"wpforms-field-label\">Website<\/label><input type=\"text\" name=\"wpforms[hp]\" id=\"wpforms-128-field-hp\" class=\"wpforms-field-medium\"><\/div><div class=\"wpforms-submit-container\"><input type=\"hidden\" name=\"wpforms[id]\" value=\"128\"><input type=\"hidden\" name=\"wpforms[author]\" value=\"1\"><button type=\"submit\" name=\"wpforms[submit]\" id=\"wpforms-submit-128\" class=\"wpforms-submit\" data-alt-text=\"Sending...\" data-submit-text=\"Submit\" aria-live=\"assertive\" value=\"wpforms-submit\">Submit<\/button><\/div><\/form><\/div>  <!-- .wpforms-container -->\n\n\n<p><\/p>\n","protected":false},"excerpt":{"rendered":"<p>En una perspectiva de crecimiento, Softventure est\u00e1 reclutando en las siguientes \u00e1reas:Requisitos b\u00e1sicos: Formaci\u00f3n Superior en el \u00e1rea de las Tecnolog\u00edas de Informaci\u00f3n o similar.Conocimientos en an\u00e1lisis y programaci\u00f3n, con preferencia de tecnolog\u00edas .NET Requisitos diferenciadores:Conocimientos en Desarrollo Web y desarrollo m\u00f3vilConocimientos en ASP.NET, preferentemente ASP MVCConocimientos en herramientas de Microsoft (por ejemplo, SQLServer, Windows Server)Microsoft Office SharePoint ServerObjetive CConocimientos en el \u00e1rea Mobile ofrece:Integraci\u00f3n en uno equipo joven y&hellip;<\/p>\n","protected":false},"author":1,"featured_media":0,"parent":0,"menu_order":0,"comment_status":"closed","ping_status":"closed","template":"","meta":[],"yoast_head":"<!-- This site is optimized with the Yoast SEO plugin v19.10 - https:\/\/yoast.com\/wordpress\/plugins\/seo\/ -->\n<title>Contrataci\u00f3n | Softventure<\/title>\n<meta name=\"robots\" content=\"index, follow, max-snippet:-1, max-image-preview:large, max-video-preview:-1\" \/>\n<link rel=\"canonical\" href=\"https:\/\/softventure.pt\/es\/contratacion\/\" \/>\n<meta property=\"og:locale\" content=\"es_ES\" \/>\n<meta property=\"og:type\" content=\"article\" \/>\n<meta property=\"og:title\" content=\"Contrataci\u00f3n | Softventure\" \/>\n<meta property=\"og:description\" content=\"En una perspectiva de crecimiento, Softventure est\u00e1 reclutando en las siguientes \u00e1reas:Requisitos b\u00e1sicos: Formaci\u00f3n Superior en el \u00e1rea de las Tecnolog\u00edas de Informaci\u00f3n o similar.Conocimientos en an\u00e1lisis y programaci\u00f3n, con preferencia de tecnolog\u00edas .NET Requisitos diferenciadores:Conocimientos en Desarrollo Web y desarrollo m\u00f3vilConocimientos en ASP.NET, preferentemente ASP MVCConocimientos en herramientas de Microsoft (por ejemplo, SQLServer, Windows Server)Microsoft Office SharePoint ServerObjetive CConocimientos en el \u00e1rea Mobile ofrece:Integraci\u00f3n en uno equipo joven y&hellip;\" \/>\n<meta property=\"og:url\" content=\"https:\/\/softventure.pt\/es\/contratacion\/\" \/>\n<meta property=\"og:site_name\" content=\"Softventure\" \/>\n<meta property=\"article:publisher\" content=\"https:\/\/www.facebook.com\/softventuresa\/\" \/>\n<meta property=\"article:modified_time\" content=\"2019-06-04T22:24:31+00:00\" \/>\n<meta name=\"twitter:card\" content=\"summary_large_image\" \/>\n<meta name=\"twitter:label1\" content=\"Tiempo de lectura\" \/>\n\t<meta name=\"twitter:data1\" content=\"1 minuto\" \/>\n<script type=\"application\/ld+json\" class=\"yoast-schema-graph\">{\"@context\":\"https:\/\/schema.org\",\"@graph\":[{\"@type\":\"WebPage\",\"@id\":\"https:\/\/softventure.pt\/es\/contratacion\/\",\"url\":\"https:\/\/softventure.pt\/es\/contratacion\/\",\"name\":\"Contrataci\u00f3n | Softventure\",\"isPartOf\":{\"@id\":\"https:\/\/softventure.pt\/es\/#website\"},\"datePublished\":\"2019-06-04T15:19:29+00:00\",\"dateModified\":\"2019-06-04T22:24:31+00:00\",\"breadcrumb\":{\"@id\":\"https:\/\/softventure.pt\/es\/contratacion\/#breadcrumb\"},\"inLanguage\":\"es\",\"potentialAction\":[{\"@type\":\"ReadAction\",\"target\":[\"https:\/\/softventure.pt\/es\/contratacion\/\"]}]},{\"@type\":\"BreadcrumbList\",\"@id\":\"https:\/\/softventure.pt\/es\/contratacion\/#breadcrumb\",\"itemListElement\":[{\"@type\":\"ListItem\",\"position\":1,\"name\":\"In\u00edcio\",\"item\":\"https:\/\/softventure.pt\/es\/\"},{\"@type\":\"ListItem\",\"position\":2,\"name\":\"Contrataci\u00f3n\"}]},{\"@type\":\"WebSite\",\"@id\":\"https:\/\/softventure.pt\/es\/#website\",\"url\":\"https:\/\/softventure.pt\/es\/\",\"name\":\"Softventure\",\"description\":\"\",\"publisher\":{\"@id\":\"https:\/\/softventure.pt\/es\/#organization\"},\"potentialAction\":[{\"@type\":\"SearchAction\",\"target\":{\"@type\":\"EntryPoint\",\"urlTemplate\":\"https:\/\/softventure.pt\/es\/?s={search_term_string}\"},\"query-input\":\"required name=search_term_string\"}],\"inLanguage\":\"es\"},{\"@type\":\"Organization\",\"@id\":\"https:\/\/softventure.pt\/es\/#organization\",\"name\":\"Softventure\",\"url\":\"https:\/\/softventure.pt\/es\/\",\"logo\":{\"@type\":\"ImageObject\",\"inLanguage\":\"es\",\"@id\":\"https:\/\/softventure.pt\/es\/#\/schema\/logo\/image\/\",\"url\":\"https:\/\/softventure.pt\/wordpress\/wp-content\/uploads\/2019\/10\/SV-duochrome-BlackWhite.png\",\"contentUrl\":\"https:\/\/softventure.pt\/wordpress\/wp-content\/uploads\/2019\/10\/SV-duochrome-BlackWhite.png\",\"width\":3508,\"height\":2480,\"caption\":\"Softventure\"},\"image\":{\"@id\":\"https:\/\/softventure.pt\/es\/#\/schema\/logo\/image\/\"},\"sameAs\":[\"https:\/\/www.facebook.com\/softventuresa\/\"]}]}<\/script>\n<!-- \/ Yoast SEO plugin. -->","yoast_head_json":{"title":"Contrataci\u00f3n | Softventure","robots":{"index":"index","follow":"follow","max-snippet":"max-snippet:-1","max-image-preview":"max-image-preview:large","max-video-preview":"max-video-preview:-1"},"canonical":"https:\/\/softventure.pt\/es\/contratacion\/","og_locale":"es_ES","og_type":"article","og_title":"Contrataci\u00f3n | Softventure","og_description":"En una perspectiva de crecimiento, Softventure est\u00e1 reclutando en las siguientes \u00e1reas:Requisitos b\u00e1sicos: Formaci\u00f3n Superior en el \u00e1rea de las Tecnolog\u00edas de Informaci\u00f3n o similar.Conocimientos en an\u00e1lisis y programaci\u00f3n, con preferencia de tecnolog\u00edas .NET Requisitos diferenciadores:Conocimientos en Desarrollo Web y desarrollo m\u00f3vilConocimientos en ASP.NET, preferentemente ASP MVCConocimientos en herramientas de Microsoft (por ejemplo, SQLServer, Windows Server)Microsoft Office SharePoint ServerObjetive CConocimientos en el \u00e1rea Mobile ofrece:Integraci\u00f3n en uno equipo joven y&hellip;","og_url":"https:\/\/softventure.pt\/es\/contratacion\/","og_site_name":"Softventure","article_publisher":"https:\/\/www.facebook.com\/softventuresa\/","article_modified_time":"2019-06-04T22:24:31+00:00","twitter_card":"summary_large_image","twitter_misc":{"Tiempo de lectura":"1 minuto"},"schema":{"@context":"https:\/\/schema.org","@graph":[{"@type":"WebPage","@id":"https:\/\/softventure.pt\/es\/contratacion\/","url":"https:\/\/softventure.pt\/es\/contratacion\/","name":"Contrataci\u00f3n | Softventure","isPartOf":{"@id":"https:\/\/softventure.pt\/es\/#website"},"datePublished":"2019-06-04T15:19:29+00:00","dateModified":"2019-06-04T22:24:31+00:00","breadcrumb":{"@id":"https:\/\/softventure.pt\/es\/contratacion\/#breadcrumb"},"inLanguage":"es","potentialAction":[{"@type":"ReadAction","target":["https:\/\/softventure.pt\/es\/contratacion\/"]}]},{"@type":"BreadcrumbList","@id":"https:\/\/softventure.pt\/es\/contratacion\/#breadcrumb","itemListElement":[{"@type":"ListItem","position":1,"name":"In\u00edcio","item":"https:\/\/softventure.pt\/es\/"},{"@type":"ListItem","position":2,"name":"Contrataci\u00f3n"}]},{"@type":"WebSite","@id":"https:\/\/softventure.pt\/es\/#website","url":"https:\/\/softventure.pt\/es\/","name":"Softventure","description":"","publisher":{"@id":"https:\/\/softventure.pt\/es\/#organization"},"potentialAction":[{"@type":"SearchAction","target":{"@type":"EntryPoint","urlTemplate":"https:\/\/softventure.pt\/es\/?s={search_term_string}"},"query-input":"required name=search_term_string"}],"inLanguage":"es"},{"@type":"Organization","@id":"https:\/\/softventure.pt\/es\/#organization","name":"Softventure","url":"https:\/\/softventure.pt\/es\/","logo":{"@type":"ImageObject","inLanguage":"es","@id":"https:\/\/softventure.pt\/es\/#\/schema\/logo\/image\/","url":"https:\/\/softventure.pt\/wordpress\/wp-content\/uploads\/2019\/10\/SV-duochrome-BlackWhite.png","contentUrl":"https:\/\/softventure.pt\/wordpress\/wp-content\/uploads\/2019\/10\/SV-duochrome-BlackWhite.png","width":3508,"height":2480,"caption":"Softventure"},"image":{"@id":"https:\/\/softventure.pt\/es\/#\/schema\/logo\/image\/"},"sameAs":["https:\/\/www.facebook.com\/softventuresa\/"]}]}},"_links":{"self":[{"href":"https:\/\/softventure.pt\/es\/wp-json\/wp\/v2\/pages\/919"}],"collection":[{"href":"https:\/\/softventure.pt\/es\/wp-json\/wp\/v2\/pages"}],"about":[{"href":"https:\/\/softventure.pt\/es\/wp-json\/wp\/v2\/types\/page"}],"author":[{"embeddable":true,"href":"https:\/\/softventure.pt\/es\/wp-json\/wp\/v2\/users\/1"}],"replies":[{"embeddable":true,"href":"https:\/\/softventure.pt\/es\/wp-json\/wp\/v2\/comments?post=919"}],"version-history":[{"count":1,"href":"https:\/\/softventure.pt\/es\/wp-json\/wp\/v2\/pages\/919\/revisions"}],"predecessor-version":[{"id":924,"href":"https:\/\/softventure.pt\/es\/wp-json\/wp\/v2\/pages\/919\/revisions\/924"}],"wp:attachment":[{"href":"https:\/\/softventure.pt\/es\/wp-json\/wp\/v2\/media?parent=919"}],"curies":[{"name":"wp","href":"https:\/\/api.w.org\/{rel}","templated":true}]}}