{"id":1315,"date":"2019-12-16T10:30:07","date_gmt":"2019-12-16T10:30:07","guid":{"rendered":"https:\/\/softventure.pt\/politica-de-privacidad-de-softventure\/"},"modified":"2019-12-17T10:58:24","modified_gmt":"2019-12-17T10:58:24","slug":"politica-de-privacidad-de-softventure","status":"publish","type":"page","link":"https:\/\/softventure.pt\/es\/politica-de-privacidad-de-softventure\/","title":{"rendered":"Pol\u00edtica de privacidad"},"content":{"rendered":"<h1>Pol\u00edtica General de Seguridad y Privacidad<\/h1>\n<p>La protecci\u00f3n de la privacidad y los datos personales es un compromiso claro y una prioridad para SOFTVENTURE.<\/p>\n<p>Esta pol\u00edtica se refiere a las pr\u00e1cticas de privacidad en el contexto de la actividad regular de softventure, que incluye portales, <em>sitios web en l\u00ednea<\/em> y otros servicios administrados por esta empresa. Los datos personales facilitados por interacci\u00f3n con nuestros servicios ser\u00e1n tratados con todas las garant\u00edas de seguridad y confidencialidad del marco legal en materia de protecci\u00f3n de datos personales.<\/p>\n<p>Los portales y <em>sitios web<\/em> bajo tutela de softventure, entre sus servicios disponibles, pueden tener enlaces a otros <em>sitios web<\/em> de entidades externas. La Pol\u00edtica de Privacidad de Softventure est\u00e1 destinada exclusivamente a <em>sitios<\/em> y servicios de su propia responsabilidad. Al<em> acceder a<\/em> otras ubicaciones web de entidades, si de los sitios <em>web<\/em> protegidos por SOFTVENTURE, debe conocer sus pol\u00edticas de privacidad.<\/p>\n<p>El acceso y uso de los servicios, portales y sitios de <em>tutela<\/em> de SOFTVENTURE debe ser gratuito por su parte. SOFTVENTURE asume que ha le\u00eddo, entendido y aceptado los T\u00e9rminos y Condiciones de su uso.<\/p>\n<p>El usuario se compromete a cumplir con la legislaci\u00f3n aplicable, principalmente en relaci\u00f3n con los delitos inform\u00e1ticos y los derechos de propiedad intelectual. Siempre ser\u00e1 su \u00fanica responsabilidad infrinfrindar estas regulaciones. Cualquier intento de cambiar la informaci\u00f3n, o cualquier otra acci\u00f3n que pueda causar da\u00f1os y poner en peligro la integridad del sistema, est\u00e1 estrictamente prohibido bajo el marco legislativo existente.<\/p>\n<h1>Oficial de Protecci\u00f3n de Datos<\/h1>\n<p>SOFTVENTURE ha nombrado a un Responsable de Protecci\u00f3n de Datos que puede ser contactado a trav\u00e9s <em>de la direcci\u00f3n<\/em> de correo electr\u00f3nico dpo@softventure.pt o por carta certificada con notificaci\u00f3n de recibo para Rua da Alf\u00e1ndega N.78, 5oB, 9000-059 Funchal.<\/p>\n<h1>Privacidad<\/h1>\n<p>Los datos solicitados a los usuarios en <em>los sitios web<\/em> protegidos por SOFTVENTURE est\u00e1n destinados exclusivamente a la prestaci\u00f3n del servicio solicitado por usted, y nunca se recogen los datos personales innecesarios necesarios para la prestaci\u00f3n del servicio &#8211; o su consentimiento del propio servicio. SOFTVENTURE respeta plenamente y en la luz legal el derecho a la privacidad.<\/p>\n<p>La interacci\u00f3n con los servicios, portales o <em>sitios web<\/em> de SOFTVENTURE no requiere ninguna informaci\u00f3n del usuario, excepto para fines expresamente identificados en los que el registro se declara necesario y luego es autorizado por usted bajo los siguientes t\u00e9rminos:<\/p>\n<h3>Responsable del tratamiento<\/h3>\n<p>SOFTVENTURE como procesamiento de datos es responsable del procesamiento de estos deberes:<\/p>\n<ul>\n<li>El tratamiento de los datos personales se lleva a cabo para los fines bajo el lema para el que fueron recogidos o, en particular, para fines compatibles con los mismos;<\/li>\n<li>SOFTVENTURE Recopila, utiliza y conserva \u00fanicamente y \u00fanicamente los datos personales esenciales para el prop\u00f3sito entonces identificado;<\/li>\n<li>Los datos personales no se transmiten a terceros con fines comerciales o publicitarios;<\/li>\n<li>Se trata de datos personales para fines legalmente proporcionados y\/o para la ejecuci\u00f3n de los servicios requeridos.<\/li>\n<\/ul>\n<h2>Subcontratista<\/h2>\n<p>Como subcontratista, SOFTVENTURE se compromete a tratar los datos personales contractualizados con las entidades responsables del tratamiento de datos y el cumplimiento de los acuerdos de privacidad.<\/p>\n<h2>Tipolog\u00eda de los Datos Personales recogidos<\/h2>\n<p>De acuerdo con los servicios prestados puede SOFTVENTURE recoger: la direcci\u00f3n IP; el nombre; edad; el n\u00famero de identificaci\u00f3n fiscal; el n\u00famero de identificaci\u00f3n civil; el n\u00famero de la seguridad social; n\u00famero de documento de identificaci\u00f3n; la direcci\u00f3n; la direcci\u00f3n de correo electr\u00f3nico; el n\u00famero de tel\u00e9fono m\u00f3vil; otros datos de identificaci\u00f3n relevantes, bajo informaci\u00f3n temprana a la persona o empresa a la que se recopilan los datos.<\/p>\n<p>Los datos personales de Softventure sujetos al tratamiento son de naturaleza diferente, atentos a la prestaci\u00f3n de servicios promovidos en plataformas electr\u00f3nicas y otros servicios bajo su gesti\u00f3n.<\/p>\n<h1>Seguridad de datos personales<\/h1>\n<p>SOFTVENTURE utiliza un conjunto de procedimientos de seguridad adecuados para la protecci\u00f3n de datos personales, protegiendo el acceso o divulgaci\u00f3n no autorizados, as\u00ed como un paquete de tecnolog\u00edas adaptadas a este fin, en particular:<\/p>\n<ul>\n<li>Medidas de seguridad l\u00f3gicas en el componente de acceso a sistemas y trabajos a trav\u00e9s de mecanismos de gesti\u00f3n de identidades, autenticaci\u00f3n y privilegios;<\/li>\n<li>En el componente de red, el uso de cortafuegos y sistemas de detecci\u00f3n de intrusiones, la segregaci\u00f3n de redes y entornos de aplicaciones, as\u00ed como el cifrado de informaci\u00f3n a trav\u00e9s de canales de comunicaci\u00f3n seguros.<\/li>\n<\/ul>\n<h3>Acceso y control de sus Datos Personales<\/h3>\n<p>A petici\u00f3n, permitimos el acceso, rectificaci\u00f3n y borrado de datos personales. Todas las personas y entidades con datos recogidos tambi\u00e9n tienen derecho a oponerse al tratamiento de sus datos personales.<\/p>\n<p>Cuando el uso de los datos personales se base en el consentimiento efectivo, el usuario interesado tiene derecho a retirar sus datos, sin comprometer sin embargo la validez del tratamiento de los datos realizado hasta la fecha.<\/p>\n<p>Por lo tanto, y a trav\u00e9s del responsable de protecci\u00f3n de datos<em>(dpo@softventure.pt)<\/em>puede solicitar:<\/p>\n<ul>\n<li>Informaci\u00f3n sobre sus datos;<\/li>\n<li>Informaci\u00f3n sobre el procesamiento;<\/li>\n<li>El prop\u00f3sito subyacente al tratamiento;<\/li>\n<li>La correcci\u00f3n o actualizaci\u00f3n de datos;<\/li>\n<li>Sus datos en un formato abierto;<\/li>\n<li>Borrar los datos, sin perjuicio de la legislaci\u00f3n aplicable al tratamiento en cuesti\u00f3n.<\/li>\n<\/ul>\n<h1>Archivo de datos personales<\/h1>\n<p>Los datos personales son almacenados por SOFTVENTURE durante un per\u00edodo de tiempo que se considere necesario para el tratamiento respectivo, de acuerdo con la finalidad para la que est\u00e1n destinados.<\/p>\n<p>Estos per\u00edodos en los que se almacenan los datos cambian cuando las razones de inter\u00e9s p\u00fablico, hist\u00f3ricas, cient\u00edficas o estad\u00edsticas asociadas lo justifican. SOFTVENTURE se compromete a adoptar medidas de conservaci\u00f3n y seguridad durante ese per\u00edodo.<\/p>\n<h1>Cookies y tecnolog\u00edas similares<\/h1>\n<p>SOFTVENTURE utiliza herramientas estad\u00edsticas y de recogida como <em>cookies<\/em> y similares en sus <em>sitios web.<\/em> Estos permiten mejorar el rendimiento y la experiencia de navegaci\u00f3n del usuario. El prop\u00f3sito est\u00e1 destinado a aumentar la velocidad y la eficiencia de la respuesta y tambi\u00e9n eliminar la necesidad de introducir repetidamente la misma informaci\u00f3n.<\/p>\n<p>El dep\u00f3sito de <em>cookies<\/em> ayuda a los <em>sitios web<\/em> a reconocer los dispositivos del usuario con cada visita y a convertirse, por h\u00e1bito y facilidad, en esenciales para el funcionamiento de los sitios web.<\/p>\n<p>Estas <em>cookies<\/em> utilizadas por SOFTVENTURE solo guardan informaci\u00f3n gen\u00e9rica, como la forma o regi\u00f3n\/ciudad de acceso, entre otras, y no recopilan informaci\u00f3n personal que conduzca a la identificaci\u00f3n de los usuarios.<\/p>\n<p>Las cookies utilizadas en los <em>sitios web<\/em> y portales de SOFTVENTURE son:<\/p>\n<ul>\n<li>Esencial &#8212; que garantiza el acceso a \u00e1reas privadas con el fin de facilitar la prestaci\u00f3n de servicios&#8211; a saber: cookies de sesi\u00f3n.<\/li>\n<li>Anal\u00edtica -Importante en la recopilaci\u00f3n de informaci\u00f3n para el an\u00e1lisis estad\u00edstico de la navegaci\u00f3n y el uso del <em>sitio electr\u00f3nico,<\/em> a trav\u00e9s de herramientas comunes proporcionadas por terceros, como Google.<\/li>\n<li>Redes Sociales &#8211; que permiten la identificaci\u00f3n del usuario, su disponibilidad en los contenidos y compartirlos en redes como:<\/li>\n<\/ul>\n<p>&#8211; Facebook;<\/p>\n<p>Twitter.<\/p>\n<p>La informaci\u00f3n generada por las cookies se puede enviar a terceros para el an\u00e1lisis de tendencias, el seguimiento de la navegaci\u00f3n y el rendimiento de la misma. Este env\u00edo no le permite identificar a nadie.<\/p>\n<h2>\u00bfC\u00f3mo controlar el uso de Cookies?<\/h2>\n<p>Los usuarios pueden impedir el uso de cookies en la configuraci\u00f3n del navegador. Sin embargo, si limita esta opci\u00f3n, el uso de algunas caracter\u00edsticas o el rendimiento de ciertas herramientas pueden estar condicionados.<\/p>\n<h1>Renuncia<\/h1>\n<p>SOFTVENTURE se exime de cualquier responsabilidad por da\u00f1os o perjuicios, en caso de responsabilidad civil (incluyendo, pero sin da\u00f1os limitados, da\u00f1os emergentes, p\u00e9rdida de beneficios y da\u00f1os morales causados directa o indirectamente), que surjan en consecuencia del uso correcto o incorrecto de sus Servicios, <em>sitios web<\/em> electr\u00f3nicos y su contenido, por usted, incluido el acceso indebido a su ordenador y sistema inform\u00e1tico por parte de terceros.<\/p>\n<p>La informaci\u00f3n divulgada siempre debe verse en su informaci\u00f3n.<\/p>\n<p>En los servicios, <em>sitios web<\/em> y portales gestionados por SOFTVENTURE existen contenidos y servicios puestos a disposici\u00f3n por terceros, y la actualizaci\u00f3n de contenidos a estas entidades es responsable de la actualizaci\u00f3n de los contenidos. Por lo tanto, SOFTVENTURE no se hace responsable de la exactitud completa y puntualidad de cualquier informaci\u00f3n contenida en sus <em>sitios web <\/em>y similares.<\/p>\n<p>Existe la posibilidad de que los <em>sitios web<\/em> contengan enlaces externos a sitios web de terceros en los que SOFTVENTURE tambi\u00e9n se exima de cualquier responsabilidad.<\/p>\n<p>La visualizaci\u00f3n de las disposiciones legales en este <em>sitio web<\/em> no exime la consulta de las normas legales vigentes, aprobadas oficialmente, publicadas en las ediciones y soportes originales (a saber, la Gaceta o el Diario Oficial de la Uni\u00f3n Europea).<\/p>\n<h1>Cambio de la pol\u00edtica de seguridad y privacidad<\/h1>\n<p>Estos T\u00e9rminos y Condiciones, que deben ser le\u00eddos con total atenci\u00f3n y comprensi\u00f3n, pueden ser modificados, teniendo en cuenta que los cambios surten efecto a partir de la fecha de su publicaci\u00f3n en este <em>sitio,<\/em>siempre haciendo referencia clara a la fecha de actualizaci\u00f3n.<\/p>\n<h1>Ley aplicable y jurisdicci\u00f3n competente<\/h1>\n<p>Estos T\u00e9rminos y Condiciones se rigen e interpretan de acuerdo con la legislaci\u00f3n portuguesa. El tribunal de la zona de Lisboa, excluyendo cualquier otro, ser\u00e1 competente para resolver cualquier conflicto resultante de la interpretaci\u00f3n y aplicaci\u00f3n de estos T\u00e9rminos y Condiciones.<\/p>\n","protected":false},"excerpt":{"rendered":"<p>Pol\u00edtica General de Seguridad y Privacidad La protecci\u00f3n de la privacidad y los datos personales es un compromiso claro y una prioridad para SOFTVENTURE. Esta pol\u00edtica se refiere a las pr\u00e1cticas de privacidad en el contexto de la actividad regular de softventure, que incluye portales, sitios web en l\u00ednea y otros servicios administrados por esta empresa. Los datos personales facilitados por interacci\u00f3n con nuestros servicios ser\u00e1n tratados con todas las&hellip;<\/p>\n","protected":false},"author":4,"featured_media":0,"parent":0,"menu_order":0,"comment_status":"closed","ping_status":"closed","template":"","meta":[],"yoast_head":"<!-- This site is optimized with the Yoast SEO plugin v19.10 - https:\/\/yoast.com\/wordpress\/plugins\/seo\/ -->\n<title>Pol\u00edtica de privacidad | Softventure<\/title>\n<meta name=\"description\" content=\"La protecci\u00f3n de la privacidad y los datos personales es un compromiso claro y una prioridad para SOFTVENTURE. Pol\u00edtica de privacidad\" \/>\n<meta name=\"robots\" content=\"index, follow, max-snippet:-1, max-image-preview:large, max-video-preview:-1\" \/>\n<link rel=\"canonical\" href=\"https:\/\/softventure.pt\/es\/politica-de-privacidad-de-softventure\/\" \/>\n<meta property=\"og:locale\" content=\"es_ES\" \/>\n<meta property=\"og:type\" content=\"article\" \/>\n<meta property=\"og:title\" content=\"Pol\u00edtica de privacidad | Softventure\" \/>\n<meta property=\"og:description\" content=\"La protecci\u00f3n de la privacidad y los datos personales es un compromiso claro y una prioridad para SOFTVENTURE. Pol\u00edtica de privacidad\" \/>\n<meta property=\"og:url\" content=\"https:\/\/softventure.pt\/es\/politica-de-privacidad-de-softventure\/\" \/>\n<meta property=\"og:site_name\" content=\"Softventure\" \/>\n<meta property=\"article:publisher\" content=\"https:\/\/www.facebook.com\/softventuresa\/\" \/>\n<meta property=\"article:modified_time\" content=\"2019-12-17T10:58:24+00:00\" \/>\n<meta name=\"twitter:card\" content=\"summary_large_image\" \/>\n<meta name=\"twitter:label1\" content=\"Tiempo de lectura\" \/>\n\t<meta name=\"twitter:data1\" content=\"8 minutos\" \/>\n<script type=\"application\/ld+json\" class=\"yoast-schema-graph\">{\"@context\":\"https:\/\/schema.org\",\"@graph\":[{\"@type\":\"WebPage\",\"@id\":\"https:\/\/softventure.pt\/es\/politica-de-privacidad-de-softventure\/\",\"url\":\"https:\/\/softventure.pt\/es\/politica-de-privacidad-de-softventure\/\",\"name\":\"Pol\u00edtica de privacidad | Softventure\",\"isPartOf\":{\"@id\":\"https:\/\/softventure.pt\/es\/#website\"},\"datePublished\":\"2019-12-16T10:30:07+00:00\",\"dateModified\":\"2019-12-17T10:58:24+00:00\",\"description\":\"La protecci\u00f3n de la privacidad y los datos personales es un compromiso claro y una prioridad para SOFTVENTURE. Pol\u00edtica de privacidad\",\"breadcrumb\":{\"@id\":\"https:\/\/softventure.pt\/es\/politica-de-privacidad-de-softventure\/#breadcrumb\"},\"inLanguage\":\"es\",\"potentialAction\":[{\"@type\":\"ReadAction\",\"target\":[\"https:\/\/softventure.pt\/es\/politica-de-privacidad-de-softventure\/\"]}]},{\"@type\":\"BreadcrumbList\",\"@id\":\"https:\/\/softventure.pt\/es\/politica-de-privacidad-de-softventure\/#breadcrumb\",\"itemListElement\":[{\"@type\":\"ListItem\",\"position\":1,\"name\":\"In\u00edcio\",\"item\":\"https:\/\/softventure.pt\/es\/\"},{\"@type\":\"ListItem\",\"position\":2,\"name\":\"Pol\u00edtica de privacidad\"}]},{\"@type\":\"WebSite\",\"@id\":\"https:\/\/softventure.pt\/es\/#website\",\"url\":\"https:\/\/softventure.pt\/es\/\",\"name\":\"Softventure\",\"description\":\"\",\"publisher\":{\"@id\":\"https:\/\/softventure.pt\/es\/#organization\"},\"potentialAction\":[{\"@type\":\"SearchAction\",\"target\":{\"@type\":\"EntryPoint\",\"urlTemplate\":\"https:\/\/softventure.pt\/es\/?s={search_term_string}\"},\"query-input\":\"required name=search_term_string\"}],\"inLanguage\":\"es\"},{\"@type\":\"Organization\",\"@id\":\"https:\/\/softventure.pt\/es\/#organization\",\"name\":\"Softventure\",\"url\":\"https:\/\/softventure.pt\/es\/\",\"logo\":{\"@type\":\"ImageObject\",\"inLanguage\":\"es\",\"@id\":\"https:\/\/softventure.pt\/es\/#\/schema\/logo\/image\/\",\"url\":\"https:\/\/softventure.pt\/wordpress\/wp-content\/uploads\/2019\/10\/SV-duochrome-BlackWhite.png\",\"contentUrl\":\"https:\/\/softventure.pt\/wordpress\/wp-content\/uploads\/2019\/10\/SV-duochrome-BlackWhite.png\",\"width\":3508,\"height\":2480,\"caption\":\"Softventure\"},\"image\":{\"@id\":\"https:\/\/softventure.pt\/es\/#\/schema\/logo\/image\/\"},\"sameAs\":[\"https:\/\/www.facebook.com\/softventuresa\/\"]}]}<\/script>\n<!-- \/ Yoast SEO plugin. -->","yoast_head_json":{"title":"Pol\u00edtica de privacidad | Softventure","description":"La protecci\u00f3n de la privacidad y los datos personales es un compromiso claro y una prioridad para SOFTVENTURE. Pol\u00edtica de privacidad","robots":{"index":"index","follow":"follow","max-snippet":"max-snippet:-1","max-image-preview":"max-image-preview:large","max-video-preview":"max-video-preview:-1"},"canonical":"https:\/\/softventure.pt\/es\/politica-de-privacidad-de-softventure\/","og_locale":"es_ES","og_type":"article","og_title":"Pol\u00edtica de privacidad | Softventure","og_description":"La protecci\u00f3n de la privacidad y los datos personales es un compromiso claro y una prioridad para SOFTVENTURE. Pol\u00edtica de privacidad","og_url":"https:\/\/softventure.pt\/es\/politica-de-privacidad-de-softventure\/","og_site_name":"Softventure","article_publisher":"https:\/\/www.facebook.com\/softventuresa\/","article_modified_time":"2019-12-17T10:58:24+00:00","twitter_card":"summary_large_image","twitter_misc":{"Tiempo de lectura":"8 minutos"},"schema":{"@context":"https:\/\/schema.org","@graph":[{"@type":"WebPage","@id":"https:\/\/softventure.pt\/es\/politica-de-privacidad-de-softventure\/","url":"https:\/\/softventure.pt\/es\/politica-de-privacidad-de-softventure\/","name":"Pol\u00edtica de privacidad | Softventure","isPartOf":{"@id":"https:\/\/softventure.pt\/es\/#website"},"datePublished":"2019-12-16T10:30:07+00:00","dateModified":"2019-12-17T10:58:24+00:00","description":"La protecci\u00f3n de la privacidad y los datos personales es un compromiso claro y una prioridad para SOFTVENTURE. Pol\u00edtica de privacidad","breadcrumb":{"@id":"https:\/\/softventure.pt\/es\/politica-de-privacidad-de-softventure\/#breadcrumb"},"inLanguage":"es","potentialAction":[{"@type":"ReadAction","target":["https:\/\/softventure.pt\/es\/politica-de-privacidad-de-softventure\/"]}]},{"@type":"BreadcrumbList","@id":"https:\/\/softventure.pt\/es\/politica-de-privacidad-de-softventure\/#breadcrumb","itemListElement":[{"@type":"ListItem","position":1,"name":"In\u00edcio","item":"https:\/\/softventure.pt\/es\/"},{"@type":"ListItem","position":2,"name":"Pol\u00edtica de privacidad"}]},{"@type":"WebSite","@id":"https:\/\/softventure.pt\/es\/#website","url":"https:\/\/softventure.pt\/es\/","name":"Softventure","description":"","publisher":{"@id":"https:\/\/softventure.pt\/es\/#organization"},"potentialAction":[{"@type":"SearchAction","target":{"@type":"EntryPoint","urlTemplate":"https:\/\/softventure.pt\/es\/?s={search_term_string}"},"query-input":"required name=search_term_string"}],"inLanguage":"es"},{"@type":"Organization","@id":"https:\/\/softventure.pt\/es\/#organization","name":"Softventure","url":"https:\/\/softventure.pt\/es\/","logo":{"@type":"ImageObject","inLanguage":"es","@id":"https:\/\/softventure.pt\/es\/#\/schema\/logo\/image\/","url":"https:\/\/softventure.pt\/wordpress\/wp-content\/uploads\/2019\/10\/SV-duochrome-BlackWhite.png","contentUrl":"https:\/\/softventure.pt\/wordpress\/wp-content\/uploads\/2019\/10\/SV-duochrome-BlackWhite.png","width":3508,"height":2480,"caption":"Softventure"},"image":{"@id":"https:\/\/softventure.pt\/es\/#\/schema\/logo\/image\/"},"sameAs":["https:\/\/www.facebook.com\/softventuresa\/"]}]}},"_links":{"self":[{"href":"https:\/\/softventure.pt\/es\/wp-json\/wp\/v2\/pages\/1315"}],"collection":[{"href":"https:\/\/softventure.pt\/es\/wp-json\/wp\/v2\/pages"}],"about":[{"href":"https:\/\/softventure.pt\/es\/wp-json\/wp\/v2\/types\/page"}],"author":[{"embeddable":true,"href":"https:\/\/softventure.pt\/es\/wp-json\/wp\/v2\/users\/4"}],"replies":[{"embeddable":true,"href":"https:\/\/softventure.pt\/es\/wp-json\/wp\/v2\/comments?post=1315"}],"version-history":[{"count":2,"href":"https:\/\/softventure.pt\/es\/wp-json\/wp\/v2\/pages\/1315\/revisions"}],"predecessor-version":[{"id":1323,"href":"https:\/\/softventure.pt\/es\/wp-json\/wp\/v2\/pages\/1315\/revisions\/1323"}],"wp:attachment":[{"href":"https:\/\/softventure.pt\/es\/wp-json\/wp\/v2\/media?parent=1315"}],"curies":[{"name":"wp","href":"https:\/\/api.w.org\/{rel}","templated":true}]}}